{"id":1245,"date":"2022-02-07T09:53:53","date_gmt":"2022-02-07T09:53:53","guid":{"rendered":"https:\/\/autelec.es\/mentions-legales\/"},"modified":"2024-11-27T08:58:50","modified_gmt":"2024-11-27T08:58:50","slug":"mentions-legales","status":"publish","type":"page","link":"https:\/\/autelec.es\/fr\/mentions-legales\/","title":{"rendered":"Mentions l\u00e9gales"},"content":{"rendered":"[vc_row type=\u00a0\u00bbin_container\u00a0\u00bb full_screen_row_position=\u00a0\u00bbmiddle\u00a0\u00bb column_margin=\u00a0\u00bbdefault\u00a0\u00bb column_direction=\u00a0\u00bbdefault\u00a0\u00bb column_direction_tablet=\u00a0\u00bbdefault\u00a0\u00bb column_direction_phone=\u00a0\u00bbdefault\u00a0\u00bb scene_position=\u00a0\u00bbcenter\u00a0\u00bb top_padding=\u00a0\u00bb2%\u00a0\u00bb bottom_padding=\u00a0\u00bb4%\u00a0\u00bb text_color=\u00a0\u00bbdark\u00a0\u00bb text_align=\u00a0\u00bbleft\u00a0\u00bb row_border_radius=\u00a0\u00bbnone\u00a0\u00bb row_border_radius_applies=\u00a0\u00bbbg\u00a0\u00bb overflow=\u00a0\u00bbvisible\u00a0\u00bb advanced_gradient_angle=\u00a0\u00bb0&Prime; overlay_strength=\u00a0\u00bb0.3&Prime; gradient_direction=\u00a0\u00bbleft_to_right\u00a0\u00bb shape_divider_position=\u00a0\u00bbbottom\u00a0\u00bb bg_image_animation=\u00a0\u00bbnone\u00a0\u00bb gradient_type=\u00a0\u00bbdefault\u00a0\u00bb shape_type=\u00a0\u00bb\u00a0\u00bb][vc_column column_padding=\u00a0\u00bbno-extra-padding\u00a0\u00bb column_padding_tablet=\u00a0\u00bbinherit\u00a0\u00bb column_padding_phone=\u00a0\u00bbinherit\u00a0\u00bb column_padding_position=\u00a0\u00bball\u00a0\u00bb column_element_direction_desktop=\u00a0\u00bbdefault\u00a0\u00bb column_element_spacing=\u00a0\u00bbdefault\u00a0\u00bb desktop_text_alignment=\u00a0\u00bbdefault\u00a0\u00bb tablet_text_alignment=\u00a0\u00bbdefault\u00a0\u00bb phone_text_alignment=\u00a0\u00bbdefault\u00a0\u00bb background_color_opacity=\u00a0\u00bb1&Prime; background_hover_color_opacity=\u00a0\u00bb1&Prime; column_backdrop_filter=\u00a0\u00bbnone\u00a0\u00bb column_shadow=\u00a0\u00bbnone\u00a0\u00bb column_border_radius=\u00a0\u00bbnone\u00a0\u00bb column_link_target=\u00a0\u00bb_self\u00a0\u00bb column_position=\u00a0\u00bbdefault\u00a0\u00bb gradient_direction=\u00a0\u00bbleft_to_right\u00a0\u00bb overlay_strength=\u00a0\u00bb0.3&Prime; width=\u00a0\u00bb1\/1&Prime; tablet_width_inherit=\u00a0\u00bbdefault\u00a0\u00bb animation_type=\u00a0\u00bbdefault\u00a0\u00bb bg_image_animation=\u00a0\u00bbnone\u00a0\u00bb border_type=\u00a0\u00bbsimple\u00a0\u00bb column_border_width=\u00a0\u00bbnone\u00a0\u00bb column_border_style=\u00a0\u00bbsolid\u00a0\u00bb][vc_column_text css=\u00a0\u00bb\u00a0\u00bb text_direction=\u00a0\u00bbdefault\u00a0\u00bb]\n<h2>Mentions l\u00e9gales<\/h2>\n<p>&nbsp;<\/p>\n<div class=\"wpb_text_column wpb_content_element \">\n<div class=\"wpb_wrapper\">\n<p class=\"p1\">Conform\u00e9ment \u00e0 l&rsquo;article 10 de la loi 34\/2002 du 11 juillet sur les services de la soci\u00e9t\u00e9 de l&rsquo;information et du commerce \u00e9lectronique (LSSICE), AUTELEC TECNOLOGIA SL (ci-apr\u00e8s, \u00ab\u00a0AUTELEC\u00a0\u00bb), responsable de ce boutique en ligne, met ces informations \u00e0 la disposition des Utilisateurs, pour d\u00e9finir leurs Conditions d&rsquo;Utilisation.<\/p>\n<p class=\"p2\">En plus des contenus expos\u00e9s ici, les aspects sp\u00e9cifiques li\u00e9s \u00e0 la protection des donn\u00e9es personnelles et \u00e0 la vie priv\u00e9e des utilisateurs de ce site sont d\u00e9velopp\u00e9s dans les pages Politique de confidentialit\u00e9 et Politique de cookies.<\/p>\n<p class=\"p3\"><b><i>Identit\u00e9 du responsable du traitement<\/i><\/b><\/p>\n<ul class=\"ul1\">\n<li class=\"li4\"><b>Nom de l&rsquo;entreprise<\/b> : AUTELEC TECNOLOGIA SL<\/li>\n<li class=\"li4\"><b>Nom Commercial<\/b> : AUTELEC<\/li>\n<li class=\"li4\"><b>CAF<\/b> : B98530058<\/li>\n<li class=\"li4\"><b>Adresse enregistr\u00e9e<\/b> : C\/Praga 4 pol. Industrial mas de tous 46185, La Pobla de Vallbona, (Valencia), Espagne<\/li>\n<li class=\"li4\"><b>Activit\u00e9<\/b> : Producteurs de machines pour l&rsquo;huile d&rsquo;olive<\/li>\n<li class=\"li4\"><b>T\u00e9l\u00e9phone<\/b> : +34 963 75 14 71<\/li>\n<li class=\"li4\"><b>Courriel<\/b> : comercial@autelec.es<\/li>\n<li class=\"li4\"><b>Nom de domaine<\/b> : www.autelec.es<\/li>\n<li class=\"li4\"><b>Enregistrement des Traitements conform\u00e9ment au RGPD :<\/b> Clients\/Fournisseurs, Vid\u00e9osurveillance, Employ\u00e9s, S\u00e9lection du personnel et Internautes.<\/li>\n<\/ul>\n<p class=\"p3\"><b><i>Objectif du Web<\/i><\/b><\/p>\n<p class=\"p2\">La boutique en ligne \u00ab AUTELEC \u00bb a pour finalit\u00e9s :<\/p>\n<ul class=\"ul1\">\n<li class=\"li2\">Mettre \u00e0 la disposition de l&rsquo;Utilisateur les produits et\/ou services propos\u00e9s pour leur acquisition par voie \u00e9lectronique, ainsi que fournir des informations sur eux et sur le Responsable.<\/li>\n<li class=\"li2\">Divulgation d&rsquo;informations relatives au secteur d&rsquo;activit\u00e9 de la partie responsable.<\/li>\n<li class=\"li2\">G\u00e9rer les commentaires et\/ou \u00e9valuations des Utilisateurs.<\/li>\n<\/ul>\n<p class=\"p3\"><b><i>Cadre r\u00e9glementaire<\/i><\/b><\/p>\n<p class=\"p1\">L&rsquo;activit\u00e9 de cette boutique en ligne est soumise au cadre juridique espagnol et europ\u00e9en, en particulier aux r\u00e9glementations suivantes :<\/p>\n<ul class=\"ul1\">\n<li class=\"li4\">R\u00e8glement g\u00e9n\u00e9ral sur la protection des donn\u00e9es (RGPD) (UE) 2016\/679, du 27 avril, qui r\u00e9glemente le traitement des donn\u00e9es personnelles dans les pays de l&rsquo;Union europ\u00e9enne.<\/li>\n<li class=\"li4\">Loi organique 3\/2018, du 5 d\u00e9cembre, sur la protection des donn\u00e9es personnelles et la garantie des droits num\u00e9riques (LOPD et GDD), une norme r\u00e9gionale (applicable \u00e0 l&rsquo;Espagne), et qui d\u00e9finit et \u00e9tend de nombreux des concepts et des droits pr\u00e9sents dans le RGPD.<\/li>\n<li class=\"li4\">Loi 34\/2002 du 11 juillet sur les services de la soci\u00e9t\u00e9 de l&rsquo;information et du commerce \u00e9lectronique (LSSICE), une r\u00e8gle qui affecte les sites Web qui, d&rsquo;une mani\u00e8re ou d&rsquo;une autre, exercent des activit\u00e9s \u00e9conomiques par des moyens \u00e9lectroniques, comme c&rsquo;est le cas avec ce site Web.<\/li>\n<li class=\"li6\">Loi 03\/2014, du 27 mars, g\u00e9n\u00e9rale pour la d\u00e9fense des consommateurs et des utilisateurs (LGDCU), qui r\u00e9glemente les conditions de vente et de passation de march\u00e9s.<\/li>\n<\/ul>\n<p class=\"p7\"><b><i>Conditions d&rsquo;utilisation et responsabilit\u00e9s<\/i><\/b><\/p>\n<p class=\"p1\">Toute personne qui acc\u00e8de \u00e0 ce site Web assume le r\u00f4le d&rsquo;utilisateur, s&rsquo;engageant \u00e0 observer et \u00e0 respecter strictement les conditions \u00e9nonc\u00e9es dans les pr\u00e9sentes, ainsi que toute autre disposition l\u00e9gale applicable. \u00ab\u00a0AUTELEC\u00a0\u00bb ne sera pas responsable des dommages, propres ou de tiers, caus\u00e9s par l&rsquo;utilisation inappropri\u00e9e de ce site Web par l&rsquo;Utilisateur.<\/p>\n<p class=\"p1\">Les comportements suivants sont strictement interdits par \u00ab AUTELEC \u00bb. Si l&rsquo;Utilisateur commet l&rsquo;un des actes d\u00e9crits dans les points suivants qui est, en outre, constitutif d&rsquo;un crime, \u00ab\u00a0AUTELEC\u00a0\u00bb se r\u00e9serve le droit d&rsquo;informer les autorit\u00e9s si la commission de celui-ci est v\u00e9rifi\u00e9e :<\/p>\n<ul class=\"ul1\">\n<li class=\"li1\">Introduire ou propager des virus informatiques ou tout autre syst\u00e8me pouvant causer des dommages aux syst\u00e8mes physiques ou logiques du propri\u00e9taire du domaine, de ses fournisseurs ou de tiers. Cette interdiction inclut \u00e9galement les scripts qui pourraient \u00eatre ins\u00e9r\u00e9s.<\/li>\n<li class=\"li1\">Reproduire le contenu du site Web sans autorisation.<\/li>\n<li class=\"li1\">Acc\u00e9der (ou tenter d&rsquo;acc\u00e9der) \u00e0 des zones restreintes de la plateforme sans remplir les conditions requises pour un tel acc\u00e8s. Ainsi que de r\u00e9v\u00e9ler des donn\u00e9es sur le fonctionnement du site sans l&rsquo;autorisation expresse de ses administrateurs.<\/li>\n<li class=\"li1\">Evitez (ou essayez) les syst\u00e8mes de paiement mis en place par \u00ab\u00a0AUTELEC\u00a0\u00bb.<\/li>\n<\/ul>\n<p class=\"p1\">Le contenu de ce site ne peut en aucun cas \u00eatre consid\u00e9r\u00e9 comme un substitut \u00e0 un avis juridique.<\/p>\n<p class=\"p1\">\u00ab AUTELEC \u00bb se r\u00e9serve le droit de modifier tout type d&rsquo;informations pouvant appara\u00eetre dans la boutique en ligne, \u00e0 tout moment et sans pr\u00e9avis, sans aucune obligation de notifier ou d&rsquo;informer les Utilisateurs desdites obligations, \u00e9tant entendu comme suffisante la publication sur ce site.<\/p>\n<p class=\"p1\">Ce site Web a \u00e9t\u00e9 r\u00e9vis\u00e9 et test\u00e9 pour fonctionner correctement de mani\u00e8re ininterrompue. Cependant, \u00ab\u00a0AUTELEC\u00a0\u00bb n&rsquo;exclut pas la possibilit\u00e9 de certaines erreurs de programmation, manque de disponibilit\u00e9 en temps opportun (par exemple, pannes de serveur ou maintenance de celui-ci) ou causes de force majeure, catastrophes naturelles, gr\u00e8ves ou circonstances similaires qui rendent temporaire acc\u00e8s au site impossible.<\/p>\n<p class=\"p2\">L&rsquo;Utilisateur s&rsquo;engage \u00e0 ne pas utiliser ce site ou, le cas \u00e9ch\u00e9ant, les services ou produits qui y sont propos\u00e9s, pour mener des activit\u00e9s contraires \u00e0 la loi, \u00e0 l&rsquo;ordre public ou aux pr\u00e9sentes conditions d&rsquo;utilisation. Par cons\u00e9quent, \u00ab\u00a0AUTELEC\u00a0\u00bb n&rsquo;est pas responsable des informations et du contenu stock\u00e9s, \u00e0 titre d&rsquo;exemple, mais sans s&rsquo;y limiter, dans les forums, les chats, les g\u00e9n\u00e9rateurs de blogs, les commentaires, les r\u00e9seaux sociaux ou tout autre moyen permettant \u00e0 des tiers de publier du contenu. Toutefois, et conform\u00e9ment aux dispositions de l&rsquo;art. 11 et 16 de la LSSI-CE, \u00ab\u00a0AUTELEC\u00a0\u00bb est mis \u00e0 la disposition de tous les Utilisateurs, autorit\u00e9s et forces de s\u00e9curit\u00e9, collaborant activement au retrait ou au blocage de tout contenu qui pourrait affecter ou contrevenir \u00e0 la l\u00e9gislation nationale, ou internationale, sur les droits des tiers les partis ou la morale et l&rsquo;ordre public. Dans le cas o\u00f9 un utilisateur consid\u00e8re qu&rsquo;il existe un contenu sur le Web qui pourrait \u00eatre susceptible de cette classification, veuillez en informer imm\u00e9diatement notre personnel.<\/p>\n<p class=\"p2\">\u00ab AUTELEC \u00bb se r\u00e9serve le droit de refuser ou de retirer l&rsquo;acc\u00e8s \u00e0 la boutique sans avertissement pr\u00e9alable, \u00e0 sa demande ou \u00e0 celle d&rsquo;un tiers, aux Utilisateurs qui ne respecteraient pas nos Conditions d&rsquo;utilisation. &lt;\/ p&gt;<\/p>\n<p class=\"p3\"><b><i>Propri\u00e9t\u00e9 intellectuelle<\/i><\/b><\/p>\n<p class=\"p2\">Le site Web, y compris, mais sans s&rsquo;y limiter, sa programmation, son \u00e9dition, sa compilation et les autres \u00e9l\u00e9ments n\u00e9cessaires \u00e0 son fonctionnement, les dessins, logos, textes et\/ou graphiques sont la propri\u00e9t\u00e9 de \u00ab\u00a0AUTELEC\u00a0\u00bb ou, le cas \u00e9ch\u00e9ant appropri\u00e9, dispose d&rsquo;une licence ou d&rsquo;une autorisation expresse des auteurs.<\/p>\n<p class=\"p2\">Tous les contenus du site sont d\u00fbment prot\u00e9g\u00e9s par la r\u00e9glementation de la propri\u00e9t\u00e9 intellectuelle et industrielle, ainsi qu&rsquo;enregistr\u00e9s dans les registres publics correspondants, et la reproduction et\/ou la publication, en tout ou en partie, n&rsquo;est pas autoris\u00e9e ., du site Web, ni son traitement informatique, sa distribution, sa diffusion, sa modification ou sa transformation, sans l&rsquo;autorisation \u00e9crite pr\u00e9alable de celui-ci. \u00ab\u00a0AUTELEC\u00a0\u00bb veillera au respect des conditions ci-dessus, ainsi qu&rsquo;\u00e0 la bonne utilisation du contenu pr\u00e9sent\u00e9 sur ses pages web, en exer\u00e7ant toutes les actions civiles et p\u00e9nales qui lui correspondent en cas d&rsquo;atteinte ou de violation de ces droits par l&rsquo;utilisateur. Utilisateur.<\/p>\n<p class=\"p2\">Les dessins, logos, textes et\/ou graphiques ext\u00e9rieurs \u00e0 \u00ab\u00a0AUTELEC\u00a0\u00bb et pouvant appara\u00eetre sur le site, appartiennent \u00e0 leurs propri\u00e9taires respectifs, qui sont eux-m\u00eames responsables de tout litige \u00e9ventuel pouvant survenir concernant eux. En tout \u00e9tat de cause, \u00ab AUTELEC \u00bb dispose de l&rsquo;autorisation expresse et pr\u00e9alable de leur part. \u00ab\u00a0AUTELEC\u00a0\u00bb reconna\u00eet en faveur de ses propri\u00e9taires les droits de propri\u00e9t\u00e9 industrielle et intellectuelle correspondants, et leur simple mention ou apparition sur le site n&rsquo;implique pas l&rsquo;existence de droits ou une quelconque responsabilit\u00e9 du responsable \u00e0 leur \u00e9gard, ni n&rsquo;implique l&rsquo;approbation, le parrainage ou recommandation par une partie de celui-ci.<\/p>\n<p class=\"p3\"><b><i>Liens tiers<\/i><\/b><\/p>\n<p class=\"p1\">\u00ab AUTELEC \u00bb peut mettre \u00e0 la disposition de l&rsquo;Utilisateur des liens ou autres \u00e9l\u00e9ments permettant l&rsquo;acc\u00e8s \u00e0 d&rsquo;autres sites Internet appartenant \u00e0 des tiers. Nous ne commercialisons pas les produits et\/ou services desdites pages li\u00e9es, ni n&rsquo;assumons aucune responsabilit\u00e9 pour ceux-ci, ni pour les informations qu&rsquo;ils contiennent, ni pour leur v\u00e9racit\u00e9 ou l\u00e9galit\u00e9, ni pour les effets qui pourraient en d\u00e9couler.<\/p>\n<p class=\"p8\">En tout \u00e9tat de cause, \u00ab\u00a0AUTELEC\u00a0\u00bb d\u00e9clare proc\u00e9der au retrait imm\u00e9diat de tout contenu qui pourrait contrevenir \u00e0 la l\u00e9gislation nationale ou internationale, aux bonnes m\u0153urs ou \u00e0 l&rsquo;ordre public, en proc\u00e9dant au retrait imm\u00e9diat de la redirection vers ledit site Web, informant les autorit\u00e9s comp\u00e9tentes du contenu en question.<\/p>\n<p class=\"p3\"><b><i>Droit applicable et juridiction<\/i><\/b><\/p>\n<p class=\"p2\">La langue de r\u00e9daction et d&rsquo;interpr\u00e9tation de cet avis l\u00e9gal est l&rsquo;espagnol.<\/p>\n<p class=\"p2\">La relation entre \u00ab\u00a0AUTELEC\u00a0\u00bb et l&rsquo;Utilisateur est r\u00e9gie dans chacun de ses extr\u00eames par la loi espagnole, \u00e0 laquelle les deux parties se soumettent express\u00e9ment en cas de controverse ou de probl\u00e8me li\u00e9 \u00e0 ce site Web ou les activit\u00e9s qui y sont d\u00e9velopp\u00e9es.<\/p>\n<p class=\"p8\">De son c\u00f4t\u00e9, dans le cas o\u00f9 l&rsquo;utilisateur est domicili\u00e9 hors d&rsquo;Espagne, \u00ab\u00a0AUTELEC\u00a0\u00bb et l&rsquo;Utilisateur se soumettent, renon\u00e7ant express\u00e9ment \u00e0 toute autre juridiction, aux Cours et Tribunaux comp\u00e9tents d&rsquo;Espagne.<\/p>\n<\/div>\n<\/div>\n[\/vc_column_text][\/vc_column][\/vc_row]\n","protected":false},"excerpt":{"rendered":"<p>[vc_row type=\u00a0\u00bbin_container\u00a0\u00bb full_screen_row_position=\u00a0\u00bbmiddle\u00a0\u00bb column_margin=\u00a0\u00bbdefault\u00a0\u00bb column_direction=\u00a0\u00bbdefault\u00a0\u00bb column_direction_tablet=\u00a0\u00bbdefault\u00a0\u00bb column_direction_phone=\u00a0\u00bbdefault\u00a0\u00bb scene_position=\u00a0\u00bbcenter\u00a0\u00bb top_padding=\u00a0\u00bb2%\u00a0\u00bb bottom_padding=\u00a0\u00bb4%\u00a0\u00bb text_color=\u00a0\u00bbdark\u00a0\u00bb text_align=\u00a0\u00bbleft\u00a0\u00bb row_border_radius=\u00a0\u00bbnone\u00a0\u00bb row_border_radius_applies=\u00a0\u00bbbg\u00a0\u00bb overflow=\u00a0\u00bbvisible\u00a0\u00bb advanced_gradient_angle=\u00a0\u00bb0&Prime; overlay_strength=\u00a0\u00bb0.3&Prime; gradient_direction=\u00a0\u00bbleft_to_right\u00a0\u00bb shape_divider_position=\u00a0\u00bbbottom\u00a0\u00bb bg_image_animation=\u00a0\u00bbnone\u00a0\u00bb gradient_type=\u00a0\u00bbdefault\u00a0\u00bb shape_type=\u00a0\u00bb\u00a0\u00bb][vc_column column_padding=\u00a0\u00bbno-extra-padding\u00a0\u00bb column_padding_tablet=\u00a0\u00bbinherit\u00a0\u00bb column_padding_phone=\u00a0\u00bbinherit\u00a0\u00bb column_padding_position=\u00a0\u00bball\u00a0\u00bb column_element_direction_desktop=\u00a0\u00bbdefault\u00a0\u00bb column_element_spacing=\u00a0\u00bbdefault\u00a0\u00bb desktop_text_alignment=\u00a0\u00bbdefault\u00a0\u00bb tablet_text_alignment=\u00a0\u00bbdefault\u00a0\u00bb&#8230;<\/p>\n","protected":false},"author":1,"featured_media":0,"parent":0,"menu_order":0,"comment_status":"closed","ping_status":"closed","template":"","meta":{"_exactmetrics_skip_tracking":false,"_exactmetrics_sitenote_active":false,"_exactmetrics_sitenote_note":"","_exactmetrics_sitenote_category":0,"footnotes":""},"class_list":["post-1245","page","type-page","status-publish"],"yoast_head":"<!-- This site is optimized with the Yoast SEO plugin v26.9 - https:\/\/yoast.com\/product\/yoast-seo-wordpress\/ -->\n<title>Mentions l\u00e9gales &#187; Autelec<\/title>\n<meta name=\"robots\" content=\"index, follow, max-snippet:-1, max-image-preview:large, max-video-preview:-1\" \/>\n<link rel=\"canonical\" href=\"https:\/\/autelec.es\/aviso-legal\/\" \/>\n<meta property=\"og:locale\" content=\"fr_FR\" \/>\n<meta property=\"og:type\" content=\"article\" \/>\n<meta property=\"og:title\" content=\"Mentions l\u00e9gales &#187; Autelec\" \/>\n<meta property=\"og:description\" content=\"[vc_row type=\u00a0\u00bbin_container\u00a0\u00bb full_screen_row_position=\u00a0\u00bbmiddle\u00a0\u00bb column_margin=\u00a0\u00bbdefault\u00a0\u00bb column_direction=\u00a0\u00bbdefault\u00a0\u00bb column_direction_tablet=\u00a0\u00bbdefault\u00a0\u00bb column_direction_phone=\u00a0\u00bbdefault\u00a0\u00bb scene_position=\u00a0\u00bbcenter\u00a0\u00bb top_padding=\u00a0\u00bb2%\u00a0\u00bb bottom_padding=\u00a0\u00bb4%\u00a0\u00bb text_color=\u00a0\u00bbdark\u00a0\u00bb text_align=\u00a0\u00bbleft\u00a0\u00bb row_border_radius=\u00a0\u00bbnone\u00a0\u00bb row_border_radius_applies=\u00a0\u00bbbg\u00a0\u00bb overflow=\u00a0\u00bbvisible\u00a0\u00bb advanced_gradient_angle=\u00a0\u00bb0&Prime; overlay_strength=\u00a0\u00bb0.3&Prime; gradient_direction=\u00a0\u00bbleft_to_right\u00a0\u00bb shape_divider_position=\u00a0\u00bbbottom\u00a0\u00bb bg_image_animation=\u00a0\u00bbnone\u00a0\u00bb gradient_type=\u00a0\u00bbdefault\u00a0\u00bb shape_type=\u00a0\u00bb\u00a0\u00bb][vc_column column_padding=\u00a0\u00bbno-extra-padding\u00a0\u00bb column_padding_tablet=\u00a0\u00bbinherit\u00a0\u00bb column_padding_phone=\u00a0\u00bbinherit\u00a0\u00bb column_padding_position=\u00a0\u00bball\u00a0\u00bb column_element_direction_desktop=\u00a0\u00bbdefault\u00a0\u00bb column_element_spacing=\u00a0\u00bbdefault\u00a0\u00bb desktop_text_alignment=\u00a0\u00bbdefault\u00a0\u00bb tablet_text_alignment=\u00a0\u00bbdefault\u00a0\u00bb...\" \/>\n<meta property=\"og:url\" content=\"https:\/\/autelec.es\/aviso-legal\/\" \/>\n<meta property=\"og:site_name\" content=\"Autelec\" \/>\n<meta property=\"article:publisher\" content=\"https:\/\/www.facebook.com\/autelec.tecnologia.sl\/\" \/>\n<meta property=\"article:modified_time\" content=\"2024-11-27T08:58:50+00:00\" \/>\n<meta name=\"twitter:card\" content=\"summary_large_image\" \/>\n<meta name=\"twitter:site\" content=\"@autelec\" \/>\n<meta name=\"twitter:label1\" content=\"Dur\u00e9e de lecture estim\u00e9e\" \/>\n\t<meta name=\"twitter:data1\" content=\"8 minutes\" \/>\n<script type=\"application\/ld+json\" class=\"yoast-schema-graph\">{\"@context\":\"https:\/\/schema.org\",\"@graph\":[{\"@type\":\"WebPage\",\"@id\":\"https:\/\/autelec.es\/aviso-legal\/\",\"url\":\"https:\/\/autelec.es\/aviso-legal\/\",\"name\":\"Mentions l\u00e9gales &#187; Autelec\",\"isPartOf\":{\"@id\":\"https:\/\/autelec.es\/#website\"},\"datePublished\":\"2022-02-07T09:53:53+00:00\",\"dateModified\":\"2024-11-27T08:58:50+00:00\",\"breadcrumb\":{\"@id\":\"https:\/\/autelec.es\/aviso-legal\/#breadcrumb\"},\"inLanguage\":\"fr-FR\",\"potentialAction\":[{\"@type\":\"ReadAction\",\"target\":[\"https:\/\/autelec.es\/aviso-legal\/\"]}]},{\"@type\":\"BreadcrumbList\",\"@id\":\"https:\/\/autelec.es\/aviso-legal\/#breadcrumb\",\"itemListElement\":[{\"@type\":\"ListItem\",\"position\":1,\"name\":\"Portada\",\"item\":\"https:\/\/autelec.es\/\"},{\"@type\":\"ListItem\",\"position\":2,\"name\":\"Mentions l\u00e9gales\"}]},{\"@type\":\"WebSite\",\"@id\":\"https:\/\/autelec.es\/#website\",\"url\":\"https:\/\/autelec.es\/\",\"name\":\"Autelec\",\"description\":\"Otro sitio realizado con WordPress\",\"potentialAction\":[{\"@type\":\"SearchAction\",\"target\":{\"@type\":\"EntryPoint\",\"urlTemplate\":\"https:\/\/autelec.es\/?s={search_term_string}\"},\"query-input\":{\"@type\":\"PropertyValueSpecification\",\"valueRequired\":true,\"valueName\":\"search_term_string\"}}],\"inLanguage\":\"fr-FR\"}]}<\/script>\n<!-- \/ Yoast SEO plugin. -->","yoast_head_json":{"title":"Mentions l\u00e9gales &#187; Autelec","robots":{"index":"index","follow":"follow","max-snippet":"max-snippet:-1","max-image-preview":"max-image-preview:large","max-video-preview":"max-video-preview:-1"},"canonical":"https:\/\/autelec.es\/aviso-legal\/","og_locale":"fr_FR","og_type":"article","og_title":"Mentions l\u00e9gales &#187; Autelec","og_description":"[vc_row type=\u00a0\u00bbin_container\u00a0\u00bb full_screen_row_position=\u00a0\u00bbmiddle\u00a0\u00bb column_margin=\u00a0\u00bbdefault\u00a0\u00bb column_direction=\u00a0\u00bbdefault\u00a0\u00bb column_direction_tablet=\u00a0\u00bbdefault\u00a0\u00bb column_direction_phone=\u00a0\u00bbdefault\u00a0\u00bb scene_position=\u00a0\u00bbcenter\u00a0\u00bb top_padding=\u00a0\u00bb2%\u00a0\u00bb bottom_padding=\u00a0\u00bb4%\u00a0\u00bb text_color=\u00a0\u00bbdark\u00a0\u00bb text_align=\u00a0\u00bbleft\u00a0\u00bb row_border_radius=\u00a0\u00bbnone\u00a0\u00bb row_border_radius_applies=\u00a0\u00bbbg\u00a0\u00bb overflow=\u00a0\u00bbvisible\u00a0\u00bb advanced_gradient_angle=\u00a0\u00bb0&Prime; overlay_strength=\u00a0\u00bb0.3&Prime; gradient_direction=\u00a0\u00bbleft_to_right\u00a0\u00bb shape_divider_position=\u00a0\u00bbbottom\u00a0\u00bb bg_image_animation=\u00a0\u00bbnone\u00a0\u00bb gradient_type=\u00a0\u00bbdefault\u00a0\u00bb shape_type=\u00a0\u00bb\u00a0\u00bb][vc_column column_padding=\u00a0\u00bbno-extra-padding\u00a0\u00bb column_padding_tablet=\u00a0\u00bbinherit\u00a0\u00bb column_padding_phone=\u00a0\u00bbinherit\u00a0\u00bb column_padding_position=\u00a0\u00bball\u00a0\u00bb column_element_direction_desktop=\u00a0\u00bbdefault\u00a0\u00bb column_element_spacing=\u00a0\u00bbdefault\u00a0\u00bb desktop_text_alignment=\u00a0\u00bbdefault\u00a0\u00bb tablet_text_alignment=\u00a0\u00bbdefault\u00a0\u00bb...","og_url":"https:\/\/autelec.es\/aviso-legal\/","og_site_name":"Autelec","article_publisher":"https:\/\/www.facebook.com\/autelec.tecnologia.sl\/","article_modified_time":"2024-11-27T08:58:50+00:00","twitter_card":"summary_large_image","twitter_site":"@autelec","twitter_misc":{"Dur\u00e9e de lecture estim\u00e9e":"8 minutes"},"schema":{"@context":"https:\/\/schema.org","@graph":[{"@type":"WebPage","@id":"https:\/\/autelec.es\/aviso-legal\/","url":"https:\/\/autelec.es\/aviso-legal\/","name":"Mentions l\u00e9gales &#187; Autelec","isPartOf":{"@id":"https:\/\/autelec.es\/#website"},"datePublished":"2022-02-07T09:53:53+00:00","dateModified":"2024-11-27T08:58:50+00:00","breadcrumb":{"@id":"https:\/\/autelec.es\/aviso-legal\/#breadcrumb"},"inLanguage":"fr-FR","potentialAction":[{"@type":"ReadAction","target":["https:\/\/autelec.es\/aviso-legal\/"]}]},{"@type":"BreadcrumbList","@id":"https:\/\/autelec.es\/aviso-legal\/#breadcrumb","itemListElement":[{"@type":"ListItem","position":1,"name":"Portada","item":"https:\/\/autelec.es\/"},{"@type":"ListItem","position":2,"name":"Mentions l\u00e9gales"}]},{"@type":"WebSite","@id":"https:\/\/autelec.es\/#website","url":"https:\/\/autelec.es\/","name":"Autelec","description":"Otro sitio realizado con WordPress","potentialAction":[{"@type":"SearchAction","target":{"@type":"EntryPoint","urlTemplate":"https:\/\/autelec.es\/?s={search_term_string}"},"query-input":{"@type":"PropertyValueSpecification","valueRequired":true,"valueName":"search_term_string"}}],"inLanguage":"fr-FR"}]}},"_links":{"self":[{"href":"https:\/\/autelec.es\/fr\/wp-json\/wp\/v2\/pages\/1245","targetHints":{"allow":["GET"]}}],"collection":[{"href":"https:\/\/autelec.es\/fr\/wp-json\/wp\/v2\/pages"}],"about":[{"href":"https:\/\/autelec.es\/fr\/wp-json\/wp\/v2\/types\/page"}],"author":[{"embeddable":true,"href":"https:\/\/autelec.es\/fr\/wp-json\/wp\/v2\/users\/1"}],"replies":[{"embeddable":true,"href":"https:\/\/autelec.es\/fr\/wp-json\/wp\/v2\/comments?post=1245"}],"version-history":[{"count":6,"href":"https:\/\/autelec.es\/fr\/wp-json\/wp\/v2\/pages\/1245\/revisions"}],"predecessor-version":[{"id":2326,"href":"https:\/\/autelec.es\/fr\/wp-json\/wp\/v2\/pages\/1245\/revisions\/2326"}],"wp:attachment":[{"href":"https:\/\/autelec.es\/fr\/wp-json\/wp\/v2\/media?parent=1245"}],"curies":[{"name":"wp","href":"https:\/\/api.w.org\/{rel}","templated":true}]}}