{"id":1248,"date":"2022-02-07T09:56:11","date_gmt":"2022-02-07T09:56:11","guid":{"rendered":"https:\/\/autelec.es\/politique-de-cookies\/"},"modified":"2022-02-07T09:56:13","modified_gmt":"2022-02-07T09:56:13","slug":"politique-de-cookies","status":"publish","type":"page","link":"https:\/\/autelec.es\/fr\/politique-de-cookies\/","title":{"rendered":"Politique de cookies"},"content":{"rendered":"[vc_row type=\u00a0\u00bbin_container\u00a0\u00bb full_screen_row_position=\u00a0\u00bbmiddle\u00a0\u00bb column_margin=\u00a0\u00bbdefault\u00a0\u00bb column_direction=\u00a0\u00bbdefault\u00a0\u00bb column_direction_tablet=\u00a0\u00bbdefault\u00a0\u00bb column_direction_phone=\u00a0\u00bbdefault\u00a0\u00bb scene_position=\u00a0\u00bbcenter\u00a0\u00bb top_padding=\u00a0\u00bb2%\u00a0\u00bb bottom_padding=\u00a0\u00bb4%\u00a0\u00bb text_color=\u00a0\u00bbdark\u00a0\u00bb text_align=\u00a0\u00bbleft\u00a0\u00bb row_border_radius=\u00a0\u00bbnone\u00a0\u00bb row_border_radius_applies=\u00a0\u00bbbg\u00a0\u00bb overflow=\u00a0\u00bbvisible\u00a0\u00bb overlay_strength=\u00a0\u00bb0.3&Prime; gradient_direction=\u00a0\u00bbleft_to_right\u00a0\u00bb shape_divider_position=\u00a0\u00bbbottom\u00a0\u00bb bg_image_animation=\u00a0\u00bbnone\u00a0\u00bb shape_type=\u00a0\u00bb\u00a0\u00bb][vc_column column_padding=\u00a0\u00bbno-extra-padding\u00a0\u00bb column_padding_tablet=\u00a0\u00bbinherit\u00a0\u00bb column_padding_phone=\u00a0\u00bbinherit\u00a0\u00bb column_padding_position=\u00a0\u00bball\u00a0\u00bb column_element_spacing=\u00a0\u00bbdefault\u00a0\u00bb background_color_opacity=\u00a0\u00bb1&Prime; background_hover_color_opacity=\u00a0\u00bb1&Prime; column_shadow=\u00a0\u00bbnone\u00a0\u00bb column_border_radius=\u00a0\u00bbnone\u00a0\u00bb column_link_target=\u00a0\u00bb_self\u00a0\u00bb column_position=\u00a0\u00bbdefault\u00a0\u00bb gradient_direction=\u00a0\u00bbleft_to_right\u00a0\u00bb overlay_strength=\u00a0\u00bb0.3&Prime; width=\u00a0\u00bb1\/1&Prime; tablet_width_inherit=\u00a0\u00bbdefault\u00a0\u00bb tablet_text_alignment=\u00a0\u00bbdefault\u00a0\u00bb phone_text_alignment=\u00a0\u00bbdefault\u00a0\u00bb animation_type=\u00a0\u00bbdefault\u00a0\u00bb bg_image_animation=\u00a0\u00bbnone\u00a0\u00bb border_type=\u00a0\u00bbsimple\u00a0\u00bb column_border_width=\u00a0\u00bbnone\u00a0\u00bb column_border_style=\u00a0\u00bbsolid\u00a0\u00bb][vc_column_text]\n<h2>Politique relative aux cookies<\/h2>\n<h2><\/h2>\n<p class=\"p1\"><b><i>Introduction<\/i><\/b><\/p>\n<p class=\"p2\">Conform\u00e9ment \u00e0 la loi 34\/2002 du 11 juillet sur les services de la soci\u00e9t\u00e9 de l&rsquo;information et du commerce \u00e9lectronique, nous informons l&rsquo;utilisateur de l&rsquo;utilisation de cookies sur le site \u00ab\u00a0AUTELEC\u00a0\u00bb.<\/p>\n<p class=\"p2\">Les cookies permettent, entre autres, de collecter des informations statistiques, de faciliter certaines fonctionnalit\u00e9s techniques, de stocker et de r\u00e9cup\u00e9rer des informations sur les habitudes de navigation ou les pr\u00e9f\u00e9rences d&rsquo;un Utilisateur ou de son \u00e9quipement et, selon les informations qu&rsquo;ils contiennent et la fa\u00e7on dont vous utilisez votre ordinateur, ils peuvent \u00eatre utilis\u00e9s pour reconna\u00eetre l&rsquo;Utilisateur, m\u00e9moriser des aspects de l&rsquo;Utilisateur tels que sa langue, son pays, son navigateur, etc. Si vous ne souhaitez pas recevoir de cookies, l&rsquo;Utilisateur peut configurer votre navigateur pour les supprimer du disque dur de votre ordinateur, les bloquer ou vous avertir s&rsquo;ils sont install\u00e9s.<\/p>\n<p class=\"p3\">Notre site Web utilise des cookies et d&rsquo;autres technologies connexes (par commodit\u00e9, toutes les technologies sont appel\u00e9es \u00ab cookies \u00bb). Les cookies sont \u00e9galement plac\u00e9s par des tiers que nous avons engag\u00e9s. Dans le document suivant, nous vous informons de l&rsquo;utilisation de cookies sur notre site Web.<\/p>\n<p class=\"p1\"><b><i>Que sont les cookies, les scripts ou les balises Web ?<\/i><\/b><\/p>\n<p class=\"p2\">Un cookie est un petit fichier simple qui est envoy\u00e9 avec les pages de ce site Web et que le navigateur de l&rsquo;utilisateur stocke sur le disque dur de son ordinateur ou autre appareil (smartphone, tablette, t\u00e9l\u00e9vision connect\u00e9e \u2026) . Les informations stock\u00e9es peuvent \u00eatre renvoy\u00e9es \u00e0 nos serveurs ou aux serveurs tiers concern\u00e9s lors d&rsquo;une visite ult\u00e9rieure.<\/p>\n<p class=\"p2\">Un script est un morceau de code de programme qui est utilis\u00e9 pour faire fonctionner notre site Web correctement et de mani\u00e8re interactive. Ce code s&rsquo;ex\u00e9cute sur notre serveur ou sur l&rsquo;appareil de l&rsquo;utilisateur.<\/p>\n<p class=\"p3\">Une balise Web (ou pixel tag) est un petit morceau de texte ou d&rsquo;image invisible sur un site Web qui est utilis\u00e9 pour suivre le trafic Web. b.<\/p>\n<p class=\"p1\"><b><i>Cookies<\/i><\/b><\/p>\n<p class=\"p2\"><i>Cookies techniques ou fonctionnels<\/i><\/p>\n<p class=\"p2\">Certains cookies garantissent le bon fonctionnement de certaines parties du site Web et la m\u00e9morisation des pr\u00e9f\u00e9rences de l&rsquo;utilisateur. En pla\u00e7ant des cookies fonctionnels, nous facilitons la visite et l&rsquo;utilisation de notre site Web. De cette mani\u00e8re, il n&rsquo;est pas n\u00e9cessaire de saisir plusieurs fois les m\u00eames informations lors de la visite de notre site Web et, par exemple, les articles restent dans le panier jusqu&rsquo;\u00e0 ce que l&rsquo;utilisateur finalise l&rsquo;achat. La r\u00e9glementation nous autorise \u00e0 placer ces cookies sans votre consentement.<\/p>\n<p class=\"p2\"><i>Cookies analytiques<\/i><\/p>\n<p class=\"p2\">Nous utilisons des cookies analytiques pour optimiser l&rsquo;exp\u00e9rience du site Web pour nos utilisateurs. Avec ces cookies analytiques, nous obtenons des informations sur l&rsquo;utilisation de notre site Web. Le consentement de l&rsquo;utilisateur est n\u00e9cessaire pour ins\u00e9rer des cookies analytiques.<\/p>\n<p class=\"p2\"><i>Cookies publicitaires ou marketing<\/i><\/p>\n<p class=\"p3\">Sur ce site Web, nous utilisons des cookies publicitaires, qui nous permettent de personnaliser les publicit\u00e9s pour chaque utilisateur, et nous (ainsi que des tiers) obtenons des informations sur les r\u00e9sultats de la campagne. Cela se produit sur la base d&rsquo;un profil que nous cr\u00e9ons avec les clics de l&rsquo;utilisateur et la navigation dans et hors de \u00ab\u00a0www.autelec.es\u00a0\u00bb. Avec ces cookies, l&rsquo;utilisateur, en tant que visiteur du site Web, est li\u00e9 \u00e0 un identifiant unique. Le consentement de l&rsquo;utilisateur est n\u00e9cessaire pour ins\u00e9rer ces cookies.<\/p>\n<p class=\"p1\"><b><i>Cookies install\u00e9s par des tiers<\/i><\/b><\/p>\n<p class=\"p8\">Le Site peut utiliser des cookies install\u00e9s par des tiers pour r\u00e9aliser une analyse statistique de la navigation des utilisateurs, ou afficher des contenus publicitaires personnalis\u00e9s. Par exemple, les cookies de <a href=\"https:\/\/policies.google.com\/privacy?hl=es\"><span class=\"s1\">Google<\/span><\/a>. Gardez \u00e0 l&rsquo;esprit que si vous acceptez les cookies tiers, vous devez les supprimer des options du navigateur ou du syst\u00e8me propos\u00e9 par le tiers lui-m\u00eame.<\/p>\n<p class=\"p1\"><b><i>Param\u00e8tres de consentement et de cookies<\/i><\/b><\/p>\n<p class=\"p3\">Lorsque vous visitez notre site Web pour la premi\u00e8re fois, nous vous montrerons une fen\u00eatre contextuelle avec une explication sur les cookies (\u00ab\u00a0premi\u00e8re couche\u00a0\u00bb). D\u00e8s que vous cliquez sur le bouton Accepter, vous acceptez notre utilisation des cat\u00e9gories de cookies et de plugins que vous avez s\u00e9lectionn\u00e9es dans la fen\u00eatre contextuelle, comme d\u00e9crit dans cette politique relative aux cookies. Vous pouvez d\u00e9sactiver l&rsquo;utilisation des cookies via votre navigateur, mais n&rsquo;oubliez pas que notre site Web peut cesser de fonctionner correctement si vous le faites.<\/p>\n<p class=\"p1\"><b><i>Vos droits concernant les donn\u00e9es personnelles<\/i><\/b><\/p>\n<p class=\"p9\">Consultez notre politique de confidentialit\u00e9 pour conna\u00eetre vos droits concernant le traitement des donn\u00e9es personnelles et comment les exercer.<\/p>\n<p class=\"p1\"><b><i>Activation, d\u00e9sactivation et \u00e9limination des cookies<\/i><\/b><\/p>\n<p class=\"p2\">Vous pouvez utiliser votre navigateur Internet pour supprimer les cookies automatiquement ou manuellement. Vous pouvez \u00e9galement sp\u00e9cifier que certains cookies ne peuvent pas \u00eatre d\u00e9pos\u00e9s. Une autre option consiste \u00e0 modifier les param\u00e8tres de votre navigateur Internet afin que vous receviez un message chaque fois qu&rsquo;un cookie est plac\u00e9. Pour plus d&rsquo;informations sur ces options, consultez les instructions dans la section \u00ab\u00a0Aide\u00a0\u00bb de votre navigateur.<\/p>\n<p class=\"p2\">Veuillez noter que notre site Web peut ne pas fonctionner correctement si tous les cookies sont d\u00e9sactiv\u00e9s. Si vous supprimez les cookies de votre navigateur, ils seront \u00e0 nouveau plac\u00e9s apr\u00e8s votre consentement lorsque vous visiterez \u00e0 nouveau nos sites Web.<\/p>\n[\/vc_column_text][\/vc_column][\/vc_row]\n","protected":false},"excerpt":{"rendered":"<p>[vc_row type=\u00a0\u00bbin_container\u00a0\u00bb full_screen_row_position=\u00a0\u00bbmiddle\u00a0\u00bb column_margin=\u00a0\u00bbdefault\u00a0\u00bb column_direction=\u00a0\u00bbdefault\u00a0\u00bb column_direction_tablet=\u00a0\u00bbdefault\u00a0\u00bb column_direction_phone=\u00a0\u00bbdefault\u00a0\u00bb scene_position=\u00a0\u00bbcenter\u00a0\u00bb top_padding=\u00a0\u00bb2%\u00a0\u00bb bottom_padding=\u00a0\u00bb4%\u00a0\u00bb text_color=\u00a0\u00bbdark\u00a0\u00bb text_align=\u00a0\u00bbleft\u00a0\u00bb row_border_radius=\u00a0\u00bbnone\u00a0\u00bb row_border_radius_applies=\u00a0\u00bbbg\u00a0\u00bb overflow=\u00a0\u00bbvisible\u00a0\u00bb overlay_strength=\u00a0\u00bb0.3&Prime; gradient_direction=\u00a0\u00bbleft_to_right\u00a0\u00bb shape_divider_position=\u00a0\u00bbbottom\u00a0\u00bb bg_image_animation=\u00a0\u00bbnone\u00a0\u00bb shape_type=\u00a0\u00bb\u00a0\u00bb][vc_column column_padding=\u00a0\u00bbno-extra-padding\u00a0\u00bb column_padding_tablet=\u00a0\u00bbinherit\u00a0\u00bb column_padding_phone=\u00a0\u00bbinherit\u00a0\u00bb column_padding_position=\u00a0\u00bball\u00a0\u00bb column_element_spacing=\u00a0\u00bbdefault\u00a0\u00bb background_color_opacity=\u00a0\u00bb1&Prime; background_hover_color_opacity=\u00a0\u00bb1&Prime; column_shadow=\u00a0\u00bbnone\u00a0\u00bb column_border_radius=\u00a0\u00bbnone\u00a0\u00bb column_link_target=\u00a0\u00bb_self\u00a0\u00bb&#8230;<\/p>\n","protected":false},"author":1,"featured_media":0,"parent":0,"menu_order":0,"comment_status":"closed","ping_status":"closed","template":"","meta":{"_exactmetrics_skip_tracking":false,"_exactmetrics_sitenote_active":false,"_exactmetrics_sitenote_note":"","_exactmetrics_sitenote_category":0,"footnotes":""},"class_list":["post-1248","page","type-page","status-publish"],"yoast_head":"<!-- This site is optimized with the Yoast SEO plugin v26.9 - https:\/\/yoast.com\/product\/yoast-seo-wordpress\/ -->\n<title>Politique de cookies &#187; Autelec<\/title>\n<meta name=\"robots\" content=\"index, follow, max-snippet:-1, max-image-preview:large, max-video-preview:-1\" \/>\n<link rel=\"canonical\" href=\"https:\/\/autelec.es\/politica-de-cookies\/\" \/>\n<meta property=\"og:locale\" content=\"fr_FR\" \/>\n<meta property=\"og:type\" content=\"article\" \/>\n<meta property=\"og:title\" content=\"Politique de cookies &#187; Autelec\" \/>\n<meta property=\"og:description\" content=\"[vc_row type=\u00a0\u00bbin_container\u00a0\u00bb full_screen_row_position=\u00a0\u00bbmiddle\u00a0\u00bb column_margin=\u00a0\u00bbdefault\u00a0\u00bb column_direction=\u00a0\u00bbdefault\u00a0\u00bb column_direction_tablet=\u00a0\u00bbdefault\u00a0\u00bb column_direction_phone=\u00a0\u00bbdefault\u00a0\u00bb scene_position=\u00a0\u00bbcenter\u00a0\u00bb top_padding=\u00a0\u00bb2%\u00a0\u00bb bottom_padding=\u00a0\u00bb4%\u00a0\u00bb text_color=\u00a0\u00bbdark\u00a0\u00bb text_align=\u00a0\u00bbleft\u00a0\u00bb row_border_radius=\u00a0\u00bbnone\u00a0\u00bb row_border_radius_applies=\u00a0\u00bbbg\u00a0\u00bb overflow=\u00a0\u00bbvisible\u00a0\u00bb overlay_strength=\u00a0\u00bb0.3&Prime; gradient_direction=\u00a0\u00bbleft_to_right\u00a0\u00bb shape_divider_position=\u00a0\u00bbbottom\u00a0\u00bb bg_image_animation=\u00a0\u00bbnone\u00a0\u00bb shape_type=\u00a0\u00bb\u00a0\u00bb][vc_column column_padding=\u00a0\u00bbno-extra-padding\u00a0\u00bb column_padding_tablet=\u00a0\u00bbinherit\u00a0\u00bb column_padding_phone=\u00a0\u00bbinherit\u00a0\u00bb column_padding_position=\u00a0\u00bball\u00a0\u00bb column_element_spacing=\u00a0\u00bbdefault\u00a0\u00bb background_color_opacity=\u00a0\u00bb1&Prime; background_hover_color_opacity=\u00a0\u00bb1&Prime; column_shadow=\u00a0\u00bbnone\u00a0\u00bb column_border_radius=\u00a0\u00bbnone\u00a0\u00bb column_link_target=\u00a0\u00bb_self\u00a0\u00bb...\" \/>\n<meta property=\"og:url\" content=\"https:\/\/autelec.es\/politica-de-cookies\/\" \/>\n<meta property=\"og:site_name\" content=\"Autelec\" \/>\n<meta property=\"article:publisher\" content=\"https:\/\/www.facebook.com\/autelec.tecnologia.sl\/\" \/>\n<meta property=\"article:modified_time\" content=\"2022-02-07T09:56:13+00:00\" \/>\n<meta name=\"twitter:card\" content=\"summary_large_image\" \/>\n<meta name=\"twitter:site\" content=\"@autelec\" \/>\n<meta name=\"twitter:label1\" content=\"Dur\u00e9e de lecture estim\u00e9e\" \/>\n\t<meta name=\"twitter:data1\" content=\"5 minutes\" \/>\n<script type=\"application\/ld+json\" class=\"yoast-schema-graph\">{\"@context\":\"https:\/\/schema.org\",\"@graph\":[{\"@type\":\"WebPage\",\"@id\":\"https:\/\/autelec.es\/politica-de-cookies\/\",\"url\":\"https:\/\/autelec.es\/politica-de-cookies\/\",\"name\":\"Politique de cookies &#187; Autelec\",\"isPartOf\":{\"@id\":\"https:\/\/autelec.es\/#website\"},\"datePublished\":\"2022-02-07T09:56:11+00:00\",\"dateModified\":\"2022-02-07T09:56:13+00:00\",\"breadcrumb\":{\"@id\":\"https:\/\/autelec.es\/politica-de-cookies\/#breadcrumb\"},\"inLanguage\":\"fr-FR\",\"potentialAction\":[{\"@type\":\"ReadAction\",\"target\":[\"https:\/\/autelec.es\/politica-de-cookies\/\"]}]},{\"@type\":\"BreadcrumbList\",\"@id\":\"https:\/\/autelec.es\/politica-de-cookies\/#breadcrumb\",\"itemListElement\":[{\"@type\":\"ListItem\",\"position\":1,\"name\":\"Portada\",\"item\":\"https:\/\/autelec.es\/\"},{\"@type\":\"ListItem\",\"position\":2,\"name\":\"Politique de cookies\"}]},{\"@type\":\"WebSite\",\"@id\":\"https:\/\/autelec.es\/#website\",\"url\":\"https:\/\/autelec.es\/\",\"name\":\"Autelec\",\"description\":\"Otro sitio realizado con WordPress\",\"potentialAction\":[{\"@type\":\"SearchAction\",\"target\":{\"@type\":\"EntryPoint\",\"urlTemplate\":\"https:\/\/autelec.es\/?s={search_term_string}\"},\"query-input\":{\"@type\":\"PropertyValueSpecification\",\"valueRequired\":true,\"valueName\":\"search_term_string\"}}],\"inLanguage\":\"fr-FR\"}]}<\/script>\n<!-- \/ Yoast SEO plugin. -->","yoast_head_json":{"title":"Politique de cookies &#187; Autelec","robots":{"index":"index","follow":"follow","max-snippet":"max-snippet:-1","max-image-preview":"max-image-preview:large","max-video-preview":"max-video-preview:-1"},"canonical":"https:\/\/autelec.es\/politica-de-cookies\/","og_locale":"fr_FR","og_type":"article","og_title":"Politique de cookies &#187; Autelec","og_description":"[vc_row type=\u00a0\u00bbin_container\u00a0\u00bb full_screen_row_position=\u00a0\u00bbmiddle\u00a0\u00bb column_margin=\u00a0\u00bbdefault\u00a0\u00bb column_direction=\u00a0\u00bbdefault\u00a0\u00bb column_direction_tablet=\u00a0\u00bbdefault\u00a0\u00bb column_direction_phone=\u00a0\u00bbdefault\u00a0\u00bb scene_position=\u00a0\u00bbcenter\u00a0\u00bb top_padding=\u00a0\u00bb2%\u00a0\u00bb bottom_padding=\u00a0\u00bb4%\u00a0\u00bb text_color=\u00a0\u00bbdark\u00a0\u00bb text_align=\u00a0\u00bbleft\u00a0\u00bb row_border_radius=\u00a0\u00bbnone\u00a0\u00bb row_border_radius_applies=\u00a0\u00bbbg\u00a0\u00bb overflow=\u00a0\u00bbvisible\u00a0\u00bb overlay_strength=\u00a0\u00bb0.3&Prime; gradient_direction=\u00a0\u00bbleft_to_right\u00a0\u00bb shape_divider_position=\u00a0\u00bbbottom\u00a0\u00bb bg_image_animation=\u00a0\u00bbnone\u00a0\u00bb shape_type=\u00a0\u00bb\u00a0\u00bb][vc_column column_padding=\u00a0\u00bbno-extra-padding\u00a0\u00bb column_padding_tablet=\u00a0\u00bbinherit\u00a0\u00bb column_padding_phone=\u00a0\u00bbinherit\u00a0\u00bb column_padding_position=\u00a0\u00bball\u00a0\u00bb column_element_spacing=\u00a0\u00bbdefault\u00a0\u00bb background_color_opacity=\u00a0\u00bb1&Prime; background_hover_color_opacity=\u00a0\u00bb1&Prime; column_shadow=\u00a0\u00bbnone\u00a0\u00bb column_border_radius=\u00a0\u00bbnone\u00a0\u00bb column_link_target=\u00a0\u00bb_self\u00a0\u00bb...","og_url":"https:\/\/autelec.es\/politica-de-cookies\/","og_site_name":"Autelec","article_publisher":"https:\/\/www.facebook.com\/autelec.tecnologia.sl\/","article_modified_time":"2022-02-07T09:56:13+00:00","twitter_card":"summary_large_image","twitter_site":"@autelec","twitter_misc":{"Dur\u00e9e de lecture estim\u00e9e":"5 minutes"},"schema":{"@context":"https:\/\/schema.org","@graph":[{"@type":"WebPage","@id":"https:\/\/autelec.es\/politica-de-cookies\/","url":"https:\/\/autelec.es\/politica-de-cookies\/","name":"Politique de cookies &#187; Autelec","isPartOf":{"@id":"https:\/\/autelec.es\/#website"},"datePublished":"2022-02-07T09:56:11+00:00","dateModified":"2022-02-07T09:56:13+00:00","breadcrumb":{"@id":"https:\/\/autelec.es\/politica-de-cookies\/#breadcrumb"},"inLanguage":"fr-FR","potentialAction":[{"@type":"ReadAction","target":["https:\/\/autelec.es\/politica-de-cookies\/"]}]},{"@type":"BreadcrumbList","@id":"https:\/\/autelec.es\/politica-de-cookies\/#breadcrumb","itemListElement":[{"@type":"ListItem","position":1,"name":"Portada","item":"https:\/\/autelec.es\/"},{"@type":"ListItem","position":2,"name":"Politique de cookies"}]},{"@type":"WebSite","@id":"https:\/\/autelec.es\/#website","url":"https:\/\/autelec.es\/","name":"Autelec","description":"Otro sitio realizado con WordPress","potentialAction":[{"@type":"SearchAction","target":{"@type":"EntryPoint","urlTemplate":"https:\/\/autelec.es\/?s={search_term_string}"},"query-input":{"@type":"PropertyValueSpecification","valueRequired":true,"valueName":"search_term_string"}}],"inLanguage":"fr-FR"}]}},"_links":{"self":[{"href":"https:\/\/autelec.es\/fr\/wp-json\/wp\/v2\/pages\/1248","targetHints":{"allow":["GET"]}}],"collection":[{"href":"https:\/\/autelec.es\/fr\/wp-json\/wp\/v2\/pages"}],"about":[{"href":"https:\/\/autelec.es\/fr\/wp-json\/wp\/v2\/types\/page"}],"author":[{"embeddable":true,"href":"https:\/\/autelec.es\/fr\/wp-json\/wp\/v2\/users\/1"}],"replies":[{"embeddable":true,"href":"https:\/\/autelec.es\/fr\/wp-json\/wp\/v2\/comments?post=1248"}],"version-history":[{"count":2,"href":"https:\/\/autelec.es\/fr\/wp-json\/wp\/v2\/pages\/1248\/revisions"}],"predecessor-version":[{"id":1250,"href":"https:\/\/autelec.es\/fr\/wp-json\/wp\/v2\/pages\/1248\/revisions\/1250"}],"wp:attachment":[{"href":"https:\/\/autelec.es\/fr\/wp-json\/wp\/v2\/media?parent=1248"}],"curies":[{"name":"wp","href":"https:\/\/api.w.org\/{rel}","templated":true}]}}