{"id":1492,"date":"2022-02-07T12:52:23","date_gmt":"2022-02-07T12:52:23","guid":{"rendered":"https:\/\/autelec.es\/aviso-legal\/"},"modified":"2024-11-27T08:59:04","modified_gmt":"2024-11-27T08:59:04","slug":"aviso-legal","status":"publish","type":"page","link":"https:\/\/autelec.es\/pt-pt\/aviso-legal\/","title":{"rendered":"Aviso Legal"},"content":{"rendered":"[vc_row type=&#8221;in_container&#8221; full_screen_row_position=&#8221;middle&#8221; column_margin=&#8221;default&#8221; column_direction=&#8221;default&#8221; column_direction_tablet=&#8221;default&#8221; column_direction_phone=&#8221;default&#8221; scene_position=&#8221;center&#8221; top_padding=&#8221;2%&#8221; bottom_padding=&#8221;4%&#8221; text_color=&#8221;dark&#8221; text_align=&#8221;left&#8221; row_border_radius=&#8221;none&#8221; row_border_radius_applies=&#8221;bg&#8221; overflow=&#8221;visible&#8221; advanced_gradient_angle=&#8221;0&#8243; overlay_strength=&#8221;0.3&#8243; gradient_direction=&#8221;left_to_right&#8221; shape_divider_position=&#8221;bottom&#8221; bg_image_animation=&#8221;none&#8221; gradient_type=&#8221;default&#8221; shape_type=&#8221;&#8221;][vc_column column_padding=&#8221;no-extra-padding&#8221; column_padding_tablet=&#8221;inherit&#8221; column_padding_phone=&#8221;inherit&#8221; column_padding_position=&#8221;all&#8221; column_element_direction_desktop=&#8221;default&#8221; column_element_spacing=&#8221;default&#8221; desktop_text_alignment=&#8221;default&#8221; tablet_text_alignment=&#8221;default&#8221; phone_text_alignment=&#8221;default&#8221; background_color_opacity=&#8221;1&#8243; background_hover_color_opacity=&#8221;1&#8243; column_backdrop_filter=&#8221;none&#8221; column_shadow=&#8221;none&#8221; column_border_radius=&#8221;none&#8221; column_link_target=&#8221;_self&#8221; column_position=&#8221;default&#8221; gradient_direction=&#8221;left_to_right&#8221; overlay_strength=&#8221;0.3&#8243; width=&#8221;1\/1&#8243; tablet_width_inherit=&#8221;default&#8221; animation_type=&#8221;default&#8221; bg_image_animation=&#8221;none&#8221; border_type=&#8221;simple&#8221; column_border_width=&#8221;none&#8221; column_border_style=&#8221;solid&#8221;][vc_column_text css=&#8221;&#8221; text_direction=&#8221;default&#8221;]\n<h2>Aviso legal<\/h2>\n<p>&nbsp;<\/p>\n<div class=\"wpb_text_column wpb_content_element \">\n<div class=\"wpb_wrapper\">\n<p class=\"p1\">Em conformidade com o artigo 10 da Lei 34\/2002, de 11 de julho, de Servi\u00e7os da Sociedade da Informa\u00e7\u00e3o e Com\u00e9rcio Eletr\u00f4nico (LSSICE), AUTELEC TECNOLOGIA SL (doravante, &#8220;AUTELEC \u201d), Respons\u00e1vel por este loja online, disponibiliza esta informa\u00e7\u00e3o aos Utilizadores, para defini\u00e7\u00e3o das suas Condi\u00e7\u00f5es de Utiliza\u00e7\u00e3o.<\/p>\n<p class=\"p2\">Al\u00e9m dos conte\u00fados aqui expostos, os aspectos espec\u00edficos relacionados \u00e0 prote\u00e7\u00e3o de dados pessoais e \u00e0 privacidade dos usu\u00e1rios deste site s\u00e3o desenvolvidos nas p\u00e1ginas Pol\u00edtica de Privacidade e Pol\u00edtica de Cookies.<\/p>\n<p class=\"p3\"><b><i>Identidade do Controlador de Dados<\/i><\/b><\/p>\n<ul class=\"ul1\">\n<li class=\"li4\"><b>Nome da empresa<\/b>: AUTELEC TECNOLOGIA SL<\/li>\n<li class=\"li4\"><b>Nome comercial<\/b>: AUTELEC<\/li>\n<li class=\"li4\"><b>CIF<\/b>: B98530058<\/li>\n<li class=\"li4\"><b>Endere\u00e7o registrado<\/b>: \u00a0C\/Praga 4 pol. Industrial mas de tous 46185, La Pobla de Vallbona, (Valencia), Espanha<\/li>\n<li class=\"li4\"><b>Atividade<\/b>: Produtores de m\u00e1quinas para azeite<\/li>\n<li class=\"li4\"><b>Telefone<\/b>: + 34 963 75 14 71<\/li>\n<li class=\"li4\"><b>E-mail<\/b>: comercial@autelec.es<\/li>\n<li class=\"li4\"><b>Nome de dom\u00ednio<\/b>: www.autelec.es<\/li>\n<li class=\"li4\"><b>Registro de Tratamentos de acordo com o RGPD:<\/b> Clientes\/Fornecedores, Vigil\u00e2ncia por V\u00eddeo, Funcion\u00e1rios, Sele\u00e7\u00e3o de Pessoal e Usu\u00e1rios da Web.<\/li>\n<\/ul>\n<p class=\"p3\"><b><i>Prop\u00f3sito da Web<\/i><\/b><\/p>\n<p class=\"p2\">A loja online \u201cAUTELEC\u201d tem as seguintes finalidades:<\/p>\n<ul class=\"ul1\">\n<li class=\"li2\">Colocar \u00e0 disposi\u00e7\u00e3o do Usu\u00e1rio os produtos e\/ou servi\u00e7os oferecidos para sua aquisi\u00e7\u00e3o por meio eletr\u00f4nico, bem como oferecer informa\u00e7\u00f5es sobre eles e o Respons\u00e1vel.<\/li>\n<li class=\"li2\">Divulga\u00e7\u00e3o de informa\u00e7\u00f5es relacionadas ao setor de atua\u00e7\u00e3o do Respons\u00e1vel.<\/li>\n<li class=\"li2\">Gerencie os coment\u00e1rios e\/ou avalia\u00e7\u00f5es dos Usu\u00e1rios.<\/li>\n<\/ul>\n<p class=\"p3\"><b><i>Estrutura regulamentar<\/i><\/b><\/p>\n<p class=\"p1\">A atividade desta loja online est\u00e1 sujeita ao quadro legal espanhol e europeu, especificamente \u00e0s seguintes regulamenta\u00e7\u00f5es:<\/p>\n<ul class=\"ul1\">\n<li class=\"li4\">Regulamento Geral de Prote\u00e7\u00e3o de Dados (RGPD) (UE) 2016\/679, de 27 de abril, que regulamenta o processamento de dados pessoais nos pa\u00edses da Uni\u00e3o Europeia.<\/li>\n<li class=\"li4\">Lei Org\u00e2nica 3\/2018, de 5 de dezembro, de Prote\u00e7\u00e3o de Dados Pessoais e Garantia de Direitos Digitais (LOPD e GDD), norma regional (aplic\u00e1vel \u00e0 Espanha), e que define e amplia muitas dos conceitos e direitos presentes no GDPR.<\/li>\n<li class=\"li4\">Lei 34\/2002, de 11 de julho, de Servi\u00e7os da Sociedade da Informa\u00e7\u00e3o e Com\u00e9rcio Eletr\u00f4nico (LSSICE), norma que afeta os sites que, de alguma forma, exer\u00e7am atividades econ\u00f4micas por meio eletr\u00f4nico, como \u00e9 o caso deste site.<\/li>\n<li class=\"li6\">Lei 03\/2014, de 27 de mar\u00e7o, Geral de Defesa do Consumidor e Usu\u00e1rios (LGDCU), que regulamenta as condi\u00e7\u00f5es de venda e contrata\u00e7\u00e3o.<\/li>\n<\/ul>\n<p class=\"p7\"><b><i>Condi\u00e7\u00f5es de uso e responsabilidades<\/i><\/b><\/p>\n<p class=\"p1\">Qualquer pessoa que acesse este site assume o papel de Usu\u00e1rio, comprometendo-se com a observ\u00e2ncia e o estrito cumprimento das condi\u00e7\u00f5es aqui estabelecidas, bem como de qualquer outra disposi\u00e7\u00e3o legal que possa ser aplic\u00e1vel. A &#8220;AUTELEC&#8221; n\u00e3o ser\u00e1 respons\u00e1vel por danos, pr\u00f3prios ou de terceiros, causados \u200b\u200bpela utiliza\u00e7\u00e3o inadequada deste website pelo Utilizador.<\/p>\n<p class=\"p1\">Os seguintes comportamentos s\u00e3o estritamente proibidos pela \u201cAUTELEC\u201d. Caso o Utilizador pratique algum dos atos descritos nos pontos seguintes que seja, al\u00e9m disso, constitutivo de crime, a &#8220;AUTELEC&#8221; reserva-se o direito de informar as autoridades caso se verifique a pr\u00e1tica dos mesmos:<\/p>\n<ul class=\"ul1\">\n<li class=\"li1\">Introduzir ou disseminar v\u00edrus de computador ou quaisquer outros sistemas que possam causar danos aos sistemas f\u00edsicos ou l\u00f3gicos do propriet\u00e1rio do dom\u00ednio, seus fornecedores ou terceiros. Esta proibi\u00e7\u00e3o tamb\u00e9m inclui scripts que podem ser inseridos.<\/li>\n<li class=\"li1\">Reproduzir o conte\u00fado do site sem autoriza\u00e7\u00e3o.<\/li>\n<li class=\"li1\">Acesso (ou tentativa de faz\u00ea-lo) a \u00e1reas restritas da plataforma sem atender \u00e0s condi\u00e7\u00f5es exigidas para tal acesso. Al\u00e9m de revelar dados sobre o funcionamento do site sem a autoriza\u00e7\u00e3o expressa de seus administradores.<\/li>\n<li class=\"li1\">Evite (ou tente) os sistemas de pagamento estabelecidos pela \u201cAUTELEC\u201d.<\/li>\n<\/ul>\n<p class=\"p1\">O conte\u00fado deste site n\u00e3o pode ser considerado, em nenhum caso, um substituto para aconselhamento jur\u00eddico.<\/p>\n<p class=\"p1\">\u201cAUTELEC\u201d reserva-se o direito de modificar qualquer tipo de informa\u00e7\u00e3o que possa aparecer na loja online, a qualquer momento e sem aviso pr\u00e9vio, sem qualquer obriga\u00e7\u00e3o de notificar ou informar os Utilizadores sobre essas obriga\u00e7\u00f5es, entendendo-se como suficiente a publica\u00e7\u00e3o neste site.<\/p>\n<p class=\"p1\">Este site foi revisado e testado para funcionar corretamente de forma ininterrupta. No entanto, &#8220;AUTELEC&#8221; n\u00e3o exclui a possibilidade de certos erros de programa\u00e7\u00e3o, falta de disponibilidade atempada (por exemplo, falhas de servidor ou manuten\u00e7\u00e3o do mesmo) ou causas de for\u00e7a maior, desastres naturais, greves ou circunst\u00e2ncias semelhantes que tornem tempor\u00e1rias acesso ao site imposs\u00edvel.<\/p>\n<p class=\"p2\">O Usu\u00e1rio concorda em n\u00e3o utilizar este site ou, se for o caso, os servi\u00e7os ou produtos nele oferecidos, para realizar atividades contr\u00e1rias \u00e0 lei, \u00e0 ordem p\u00fablica ou a estas condi\u00e7\u00f5es de uso. Portanto, a &#8220;AUTELEC&#8221; n\u00e3o se responsabiliza pelas informa\u00e7\u00f5es e conte\u00fados armazenados, a t\u00edtulo de exemplo, mas n\u00e3o limitativo, em f\u00f3runs, chats, geradores de blogs, coment\u00e1rios, redes sociais ou qualquer outro meio que permita a publica\u00e7\u00e3o de conte\u00fados por terceiros. No entanto, e de acordo com o disposto no art. 11 e 16 da LSSI-CE, &#8220;AUTELEC&#8221; \u00e9 colocado \u00e0 disposi\u00e7\u00e3o de todos os Usu\u00e1rios, autoridades e for\u00e7as de seguran\u00e7a, colaborando ativamente na retirada ou bloqueio de todos os conte\u00fados que possam afetar ou infringir a legisla\u00e7\u00e3o nacional, ou internacional, direitos de terceiros ou moral e ordem p\u00fablica. Caso um Usu\u00e1rio considere que h\u00e1 algum conte\u00fado na web que possa ser suscet\u00edvel a essa classifica\u00e7\u00e3o, notifique nossa equipe imediatamente.<\/p>\n<p class=\"p2\">\u201cAUTELEC\u201d reserva-se o direito de negar ou retirar o acesso \u00e0 loja sem aviso pr\u00e9vio, a pedido pr\u00f3prio ou de terceiros, aos Utilizadores que n\u00e3o cumpram os nossos Termos de Utiliza\u00e7\u00e3o.<\/p>\n<p class=\"p3\"><b><i>Propriedade intelectual<\/i><\/b><\/p>\n<p class=\"p2\">O website, incluindo mas n\u00e3o limitado \u00e0 sua programa\u00e7\u00e3o, edi\u00e7\u00e3o, compila\u00e7\u00e3o e outros elementos necess\u00e1rios ao seu funcionamento, os desenhos, log\u00f3tipos, texto e\/ou gr\u00e1ficos s\u00e3o propriedade da &#8220;AUTELEC&#8221; ou, onde apropriado, tem licen\u00e7a ou autoriza\u00e7\u00e3o expressa dos autores.<\/p>\n<p class=\"p2\">Todos os conte\u00fados do site est\u00e3o devidamente protegidos pelos regulamentos de propriedade intelectual e industrial, bem como registrados nos respectivos registros p\u00fablicos, n\u00e3o sendo permitida a reprodu\u00e7\u00e3o e\/ou publica\u00e7\u00e3o, no todo ou em parte . , do site, nem o seu processamento inform\u00e1tico, a sua distribui\u00e7\u00e3o, difus\u00e3o, modifica\u00e7\u00e3o ou transforma\u00e7\u00e3o, sem a pr\u00e9via autoriza\u00e7\u00e3o escrita do mesmo. A &#8220;AUTELEC&#8221; assegurar\u00e1 o cumprimento das condi\u00e7\u00f5es anteriores, bem como a utiliza\u00e7\u00e3o adequada dos conte\u00fados apresentados nas suas p\u00e1ginas web, exercendo todas as a\u00e7\u00f5es civis e criminais que lhe correspondam em caso de viola\u00e7\u00e3o ou viola\u00e7\u00e3o desses direitos por parte do utilizador. Usu\u00e1rio.<\/p>\n<p class=\"p2\">Os desenhos, logotipos, textos e\/ou gr\u00e1ficos fora da \u201cAUTELEC\u201d e que possam aparecer no site, pertencem aos seus respectivos propriet\u00e1rios, os quais s\u00e3o respons\u00e1veis \u200b\u200bpor qualquer poss\u00edvel disputa que possa surgir em rela\u00e7\u00e3o a eles. Em qualquer caso, a &#8220;AUTELEC&#8221; tem a autoriza\u00e7\u00e3o expressa e pr\u00e9via dos mesmos. A &#8220;AUTELEC&#8221; reconhece a favor dos seus titulares os correspondentes direitos de propriedade industrial e intelectual, e a sua mera men\u00e7\u00e3o ou apari\u00e7\u00e3o no site n\u00e3o implica a exist\u00eancia de direitos ou qualquer responsabilidade do Respons\u00e1vel pelos mesmos, nem implica endosso, patroc\u00ednio ou recomenda\u00e7\u00e3o de parte dela.<\/p>\n<p class=\"p3\"><b><i>Links de terceiros<\/i><\/b><\/p>\n<p class=\"p1\">A \u201cAUTELEC\u201d poder\u00e1 disponibilizar ao Utilizador links ou outros elementos que permitam o acesso a outros websites pertencentes a terceiros. N\u00e3o comercializamos os produtos e\/ou servi\u00e7os das referidas p\u00e1ginas vinculadas, nem assumimos qualquer tipo de responsabilidade por eles, nem pelas informa\u00e7\u00f5es neles contidas, nem por sua veracidade ou legalidade, nem por quaisquer efeitos que possam surgir.<\/p>\n<p class=\"p8\">Em qualquer caso, a &#8220;AUTELEC&#8221; declara que proceder\u00e1 \u00e0 retirada imediata de qualquer conte\u00fado que possa infringir a legisla\u00e7\u00e3o nacional ou internacional, a moral ou a ordem p\u00fablica, procedendo \u00e0 retirada imediata do redireccionamento para o referido website, informando as autoridades competentes sobre o conte\u00fado em quest\u00e3o.<\/p>\n<p class=\"p3\"><b><i>Lei Aplic\u00e1vel e Jurisdi\u00e7\u00e3o<\/i><\/b><\/p>\n<p class=\"p2\">O idioma de reda\u00e7\u00e3o e interpreta\u00e7\u00e3o deste aviso legal \u00e9 o espanhol.<\/p>\n<p class=\"p2\">A rela\u00e7\u00e3o entre \u201cAUTELEC\u201d e o Usu\u00e1rio \u00e9 regida em cada um de seus extremos pela lei espanhola, \u00e0 qual ambas as partes se submetem expressamente em caso de qualquer controv\u00e9rsia ou quest\u00e3o relacionada a este site ou as atividades nele desenvolvidas.<\/p>\n<p class=\"p8\">Por sua vez, no caso de o usu\u00e1rio estar domiciliado fora da Espanha, a &#8220;AUTELEC&#8221; e o Usu\u00e1rio se submetem, com ren\u00fancia expressa a qualquer outra jurisdi\u00e7\u00e3o, aos Tribunais e Tribunais competentes da Espanha.<\/p>\n<\/div>\n<\/div>\n[\/vc_column_text][\/vc_column][\/vc_row]\n","protected":false},"excerpt":{"rendered":"<p>[vc_row type=&#8221;in_container&#8221; full_screen_row_position=&#8221;middle&#8221; column_margin=&#8221;default&#8221; column_direction=&#8221;default&#8221; column_direction_tablet=&#8221;default&#8221; column_direction_phone=&#8221;default&#8221; scene_position=&#8221;center&#8221; top_padding=&#8221;2%&#8221; bottom_padding=&#8221;4%&#8221; text_color=&#8221;dark&#8221; text_align=&#8221;left&#8221; row_border_radius=&#8221;none&#8221; row_border_radius_applies=&#8221;bg&#8221; overflow=&#8221;visible&#8221; advanced_gradient_angle=&#8221;0&#8243; overlay_strength=&#8221;0.3&#8243; gradient_direction=&#8221;left_to_right&#8221; shape_divider_position=&#8221;bottom&#8221; bg_image_animation=&#8221;none&#8221; gradient_type=&#8221;default&#8221; shape_type=&#8221;&#8221;][vc_column column_padding=&#8221;no-extra-padding&#8221; column_padding_tablet=&#8221;inherit&#8221; column_padding_phone=&#8221;inherit&#8221; column_padding_position=&#8221;all&#8221; column_element_direction_desktop=&#8221;default&#8221; column_element_spacing=&#8221;default&#8221; desktop_text_alignment=&#8221;default&#8221; tablet_text_alignment=&#8221;default&#8221;&#8230;<\/p>\n","protected":false},"author":1,"featured_media":0,"parent":0,"menu_order":0,"comment_status":"closed","ping_status":"closed","template":"","meta":{"_exactmetrics_skip_tracking":false,"_exactmetrics_sitenote_active":false,"_exactmetrics_sitenote_note":"","_exactmetrics_sitenote_category":0,"footnotes":""},"class_list":["post-1492","page","type-page","status-publish"],"yoast_head":"<!-- This site is optimized with the Yoast SEO plugin v26.9 - https:\/\/yoast.com\/product\/yoast-seo-wordpress\/ -->\n<title>Aviso Legal &#187; Autelec<\/title>\n<meta name=\"robots\" content=\"index, follow, max-snippet:-1, max-image-preview:large, max-video-preview:-1\" \/>\n<link rel=\"canonical\" href=\"https:\/\/autelec.es\/aviso-legal\/\" \/>\n<meta property=\"og:locale\" content=\"pt_PT\" \/>\n<meta property=\"og:type\" content=\"article\" \/>\n<meta property=\"og:title\" content=\"Aviso Legal &#187; Autelec\" \/>\n<meta property=\"og:description\" content=\"[vc_row type=&#8221;in_container&#8221; full_screen_row_position=&#8221;middle&#8221; column_margin=&#8221;default&#8221; column_direction=&#8221;default&#8221; column_direction_tablet=&#8221;default&#8221; column_direction_phone=&#8221;default&#8221; scene_position=&#8221;center&#8221; top_padding=&#8221;2%&#8221; bottom_padding=&#8221;4%&#8221; text_color=&#8221;dark&#8221; text_align=&#8221;left&#8221; row_border_radius=&#8221;none&#8221; row_border_radius_applies=&#8221;bg&#8221; overflow=&#8221;visible&#8221; advanced_gradient_angle=&#8221;0&#8243; overlay_strength=&#8221;0.3&#8243; gradient_direction=&#8221;left_to_right&#8221; shape_divider_position=&#8221;bottom&#8221; bg_image_animation=&#8221;none&#8221; gradient_type=&#8221;default&#8221; shape_type=&#8221;&#8221;][vc_column column_padding=&#8221;no-extra-padding&#8221; column_padding_tablet=&#8221;inherit&#8221; column_padding_phone=&#8221;inherit&#8221; column_padding_position=&#8221;all&#8221; column_element_direction_desktop=&#8221;default&#8221; column_element_spacing=&#8221;default&#8221; desktop_text_alignment=&#8221;default&#8221; tablet_text_alignment=&#8221;default&#8221;...\" \/>\n<meta property=\"og:url\" content=\"https:\/\/autelec.es\/aviso-legal\/\" \/>\n<meta property=\"og:site_name\" content=\"Autelec\" \/>\n<meta property=\"article:publisher\" content=\"https:\/\/www.facebook.com\/autelec.tecnologia.sl\/\" \/>\n<meta property=\"article:modified_time\" content=\"2024-11-27T08:59:04+00:00\" \/>\n<meta name=\"twitter:card\" content=\"summary_large_image\" \/>\n<meta name=\"twitter:site\" content=\"@autelec\" \/>\n<meta name=\"twitter:label1\" content=\"Tempo estimado de leitura\" \/>\n\t<meta name=\"twitter:data1\" content=\"8 minutos\" \/>\n<script type=\"application\/ld+json\" class=\"yoast-schema-graph\">{\"@context\":\"https:\/\/schema.org\",\"@graph\":[{\"@type\":\"WebPage\",\"@id\":\"https:\/\/autelec.es\/aviso-legal\/\",\"url\":\"https:\/\/autelec.es\/aviso-legal\/\",\"name\":\"Aviso Legal &#187; Autelec\",\"isPartOf\":{\"@id\":\"https:\/\/autelec.es\/#website\"},\"datePublished\":\"2022-02-07T12:52:23+00:00\",\"dateModified\":\"2024-11-27T08:59:04+00:00\",\"breadcrumb\":{\"@id\":\"https:\/\/autelec.es\/aviso-legal\/#breadcrumb\"},\"inLanguage\":\"pt-PT\",\"potentialAction\":[{\"@type\":\"ReadAction\",\"target\":[\"https:\/\/autelec.es\/aviso-legal\/\"]}]},{\"@type\":\"BreadcrumbList\",\"@id\":\"https:\/\/autelec.es\/aviso-legal\/#breadcrumb\",\"itemListElement\":[{\"@type\":\"ListItem\",\"position\":1,\"name\":\"Portada\",\"item\":\"https:\/\/autelec.es\/\"},{\"@type\":\"ListItem\",\"position\":2,\"name\":\"Aviso Legal\"}]},{\"@type\":\"WebSite\",\"@id\":\"https:\/\/autelec.es\/#website\",\"url\":\"https:\/\/autelec.es\/\",\"name\":\"Autelec\",\"description\":\"Otro sitio realizado con WordPress\",\"potentialAction\":[{\"@type\":\"SearchAction\",\"target\":{\"@type\":\"EntryPoint\",\"urlTemplate\":\"https:\/\/autelec.es\/?s={search_term_string}\"},\"query-input\":{\"@type\":\"PropertyValueSpecification\",\"valueRequired\":true,\"valueName\":\"search_term_string\"}}],\"inLanguage\":\"pt-PT\"}]}<\/script>\n<!-- \/ Yoast SEO plugin. -->","yoast_head_json":{"title":"Aviso Legal &#187; Autelec","robots":{"index":"index","follow":"follow","max-snippet":"max-snippet:-1","max-image-preview":"max-image-preview:large","max-video-preview":"max-video-preview:-1"},"canonical":"https:\/\/autelec.es\/aviso-legal\/","og_locale":"pt_PT","og_type":"article","og_title":"Aviso Legal &#187; Autelec","og_description":"[vc_row type=&#8221;in_container&#8221; full_screen_row_position=&#8221;middle&#8221; column_margin=&#8221;default&#8221; column_direction=&#8221;default&#8221; column_direction_tablet=&#8221;default&#8221; column_direction_phone=&#8221;default&#8221; scene_position=&#8221;center&#8221; top_padding=&#8221;2%&#8221; bottom_padding=&#8221;4%&#8221; text_color=&#8221;dark&#8221; text_align=&#8221;left&#8221; row_border_radius=&#8221;none&#8221; row_border_radius_applies=&#8221;bg&#8221; overflow=&#8221;visible&#8221; advanced_gradient_angle=&#8221;0&#8243; overlay_strength=&#8221;0.3&#8243; gradient_direction=&#8221;left_to_right&#8221; shape_divider_position=&#8221;bottom&#8221; bg_image_animation=&#8221;none&#8221; gradient_type=&#8221;default&#8221; shape_type=&#8221;&#8221;][vc_column column_padding=&#8221;no-extra-padding&#8221; column_padding_tablet=&#8221;inherit&#8221; column_padding_phone=&#8221;inherit&#8221; column_padding_position=&#8221;all&#8221; column_element_direction_desktop=&#8221;default&#8221; column_element_spacing=&#8221;default&#8221; desktop_text_alignment=&#8221;default&#8221; tablet_text_alignment=&#8221;default&#8221;...","og_url":"https:\/\/autelec.es\/aviso-legal\/","og_site_name":"Autelec","article_publisher":"https:\/\/www.facebook.com\/autelec.tecnologia.sl\/","article_modified_time":"2024-11-27T08:59:04+00:00","twitter_card":"summary_large_image","twitter_site":"@autelec","twitter_misc":{"Tempo estimado de leitura":"8 minutos"},"schema":{"@context":"https:\/\/schema.org","@graph":[{"@type":"WebPage","@id":"https:\/\/autelec.es\/aviso-legal\/","url":"https:\/\/autelec.es\/aviso-legal\/","name":"Aviso Legal &#187; Autelec","isPartOf":{"@id":"https:\/\/autelec.es\/#website"},"datePublished":"2022-02-07T12:52:23+00:00","dateModified":"2024-11-27T08:59:04+00:00","breadcrumb":{"@id":"https:\/\/autelec.es\/aviso-legal\/#breadcrumb"},"inLanguage":"pt-PT","potentialAction":[{"@type":"ReadAction","target":["https:\/\/autelec.es\/aviso-legal\/"]}]},{"@type":"BreadcrumbList","@id":"https:\/\/autelec.es\/aviso-legal\/#breadcrumb","itemListElement":[{"@type":"ListItem","position":1,"name":"Portada","item":"https:\/\/autelec.es\/"},{"@type":"ListItem","position":2,"name":"Aviso Legal"}]},{"@type":"WebSite","@id":"https:\/\/autelec.es\/#website","url":"https:\/\/autelec.es\/","name":"Autelec","description":"Otro sitio realizado con WordPress","potentialAction":[{"@type":"SearchAction","target":{"@type":"EntryPoint","urlTemplate":"https:\/\/autelec.es\/?s={search_term_string}"},"query-input":{"@type":"PropertyValueSpecification","valueRequired":true,"valueName":"search_term_string"}}],"inLanguage":"pt-PT"}]}},"_links":{"self":[{"href":"https:\/\/autelec.es\/pt-pt\/wp-json\/wp\/v2\/pages\/1492","targetHints":{"allow":["GET"]}}],"collection":[{"href":"https:\/\/autelec.es\/pt-pt\/wp-json\/wp\/v2\/pages"}],"about":[{"href":"https:\/\/autelec.es\/pt-pt\/wp-json\/wp\/v2\/types\/page"}],"author":[{"embeddable":true,"href":"https:\/\/autelec.es\/pt-pt\/wp-json\/wp\/v2\/users\/1"}],"replies":[{"embeddable":true,"href":"https:\/\/autelec.es\/pt-pt\/wp-json\/wp\/v2\/comments?post=1492"}],"version-history":[{"count":6,"href":"https:\/\/autelec.es\/pt-pt\/wp-json\/wp\/v2\/pages\/1492\/revisions"}],"predecessor-version":[{"id":2328,"href":"https:\/\/autelec.es\/pt-pt\/wp-json\/wp\/v2\/pages\/1492\/revisions\/2328"}],"wp:attachment":[{"href":"https:\/\/autelec.es\/pt-pt\/wp-json\/wp\/v2\/media?parent=1492"}],"curies":[{"name":"wp","href":"https:\/\/api.w.org\/{rel}","templated":true}]}}