{"id":1502,"date":"2022-02-08T09:17:30","date_gmt":"2022-02-08T09:17:30","guid":{"rendered":"https:\/\/autelec.es\/politica-de-cookies-2\/"},"modified":"2022-02-08T09:47:42","modified_gmt":"2022-02-08T09:47:42","slug":"politica-de-cookies","status":"publish","type":"page","link":"https:\/\/autelec.es\/pt-pt\/politica-de-cookies\/","title":{"rendered":"Pol\u00edtica de cookies"},"content":{"rendered":"[vc_row type=&#8221;in_container&#8221; full_screen_row_position=&#8221;middle&#8221; column_margin=&#8221;default&#8221; column_direction=&#8221;default&#8221; column_direction_tablet=&#8221;default&#8221; column_direction_phone=&#8221;default&#8221; scene_position=&#8221;center&#8221; top_padding=&#8221;2%&#8221; bottom_padding=&#8221;4%&#8221; text_color=&#8221;dark&#8221; text_align=&#8221;left&#8221; row_border_radius=&#8221;none&#8221; row_border_radius_applies=&#8221;bg&#8221; overflow=&#8221;visible&#8221; overlay_strength=&#8221;0.3&#8243; gradient_direction=&#8221;left_to_right&#8221; shape_divider_position=&#8221;bottom&#8221; bg_image_animation=&#8221;none&#8221; shape_type=&#8221;&#8221;][vc_column column_padding=&#8221;no-extra-padding&#8221; column_padding_tablet=&#8221;inherit&#8221; column_padding_phone=&#8221;inherit&#8221; column_padding_position=&#8221;all&#8221; column_element_spacing=&#8221;default&#8221; background_color_opacity=&#8221;1&#8243; background_hover_color_opacity=&#8221;1&#8243; column_shadow=&#8221;none&#8221; column_border_radius=&#8221;none&#8221; column_link_target=&#8221;_self&#8221; column_position=&#8221;default&#8221; gradient_direction=&#8221;left_to_right&#8221; overlay_strength=&#8221;0.3&#8243; width=&#8221;1\/1&#8243; tablet_width_inherit=&#8221;default&#8221; tablet_text_alignment=&#8221;default&#8221; phone_text_alignment=&#8221;default&#8221; animation_type=&#8221;default&#8221; bg_image_animation=&#8221;none&#8221; border_type=&#8221;simple&#8221; column_border_width=&#8221;none&#8221; column_border_style=&#8221;solid&#8221;][vc_column_text]\n<h2>Pol\u00edtica de Cookies<\/h2>\n<h2><\/h2>\n<p class=\"p1\"><b><i>Introdu\u00e7\u00e3o<\/i><\/b><\/p>\n<p class=\"p2\">Em cumprimento da Lei 34\/2002, de 11 de julho, de Servi\u00e7os da Sociedade da Informa\u00e7\u00e3o e Com\u00e9rcio Eletr\u00f4nico, informamos o Usu\u00e1rio sobre o uso de cookies no site \u201cAUTELEC\u201d.<\/p>\n<p class=\"p2\">Os cookies permitem, entre outras coisas, recolher informa\u00e7\u00e3o estat\u00edstica, facilitar determinadas funcionalidades t\u00e9cnicas, armazenar e recuperar informa\u00e7\u00e3o sobre os h\u00e1bitos ou prefer\u00eancias de navega\u00e7\u00e3o de um Utilizador ou do seu equipamento e, dependendo das informa\u00e7\u00f5es que contenham e a maneira como voc\u00ea usa seu computador, eles podem ser usados \u200b\u200bpara reconhecer o usu\u00e1rio, lembrar aspectos do usu\u00e1rio, como idioma, pa\u00eds, navegador etc. Caso n\u00e3o queira receber cookies, o Usu\u00e1rio pode configurar seu navegador para exclu\u00ed-los do disco r\u00edgido de seu computador, bloque\u00e1-los ou notific\u00e1-lo se estiverem instalados.<\/p>\n<p class=\"p3\">Nosso site usa cookies e outras tecnologias relacionadas (por conveni\u00eancia, todas as tecnologias s\u00e3o chamadas de \u201ccookies\u201d). Os cookies tamb\u00e9m s\u00e3o colocados por terceiros que contratamos. No documento a seguir informamos sobre o uso de cookies em nosso site.<\/p>\n<p class=\"p1\"><b><i>O que s\u00e3o cookies, scripts ou web beacons?<\/i><\/b><\/p>\n<p class=\"p2\">Um cookie \u00e9 um pequeno arquivo simples que \u00e9 enviado junto com as p\u00e1ginas deste site e que o navegador do usu\u00e1rio armazena no disco r\u00edgido de seu computador ou outro dispositivo (smartphone, tablet, televis\u00e3o conectada\u2026) . As informa\u00e7\u00f5es armazenadas podem ser devolvidas aos nossos servidores ou aos servidores de terceiros relevantes durante uma visita subsequente.<\/p>\n<p class=\"p2\">Um script \u00e9 um c\u00f3digo de programa que \u00e9 usado para fazer nosso site funcionar de forma correta e interativa. Este c\u00f3digo \u00e9 executado em nosso servidor ou no dispositivo do usu\u00e1rio.<\/p>\n<p class=\"p3\">Um web beacon (ou pixel tag) \u00e9 um pequeno texto ou imagem invis\u00edvel em uma web que \u00e9 usado para rastrear o tr\u00e1fego da web. b.<\/p>\n<p class=\"p1\"><b><i>Cookies<\/i><\/b><\/p>\n<p class=\"p2\"><i>Cookies t\u00e9cnicos ou funcionais<\/i><\/p>\n<p class=\"p2\">Alguns cookies garantem que certas partes do site funcionem corretamente e que as prefer\u00eancias do usu\u00e1rio continuem sendo lembradas. Ao colocar cookies funcionais, facilitamos a visita e utiliza\u00e7\u00e3o do nosso website. Desta forma, n\u00e3o \u00e9 necess\u00e1rio inserir repetidamente as mesmas informa\u00e7\u00f5es ao visitar nosso site e, por exemplo, os itens permanecem na cesta de compras at\u00e9 que o usu\u00e1rio finalize a compra. Os regulamentos nos permitem colocar esses cookies sem o seu consentimento.<\/p>\n<p class=\"p2\"><i>Cookies anal\u00edticos<\/i><\/p>\n<p class=\"p2\">Usamos cookies anal\u00edticos para otimizar a experi\u00eancia do site para nossos usu\u00e1rios. Com estes cookies anal\u00edticos obtemos conhecimento da utiliza\u00e7\u00e3o do nosso website. O consentimento do usu\u00e1rio \u00e9 necess\u00e1rio para inserir cookies anal\u00edticos.<\/p>\n<p class=\"p2\"><i>Cookies de publicidade ou marketing<\/i><\/p>\n<p class=\"p3\">Neste site usamos cookies de publicidade, que nos permitem personalizar os an\u00fancios para cada usu\u00e1rio, e n\u00f3s (e terceiros) obtemos informa\u00e7\u00f5es sobre os resultados da campanha. Isso acontece com base em um perfil que criamos com cliques do usu\u00e1rio e navega\u00e7\u00e3o dentro e fora de &#8220;www.autelec.es&#8221;. Com esses cookies o usu\u00e1rio, como visitante da web, fica vinculado a um ID \u00fanico. O consentimento do usu\u00e1rio \u00e9 necess\u00e1rio para inserir esses cookies.<\/p>\n<p class=\"p1\"><b><i>Cookies instalados por terceiros<\/i><\/b><\/p>\n<p class=\"p8\">O Site pode usar cookies instalados por terceiros para realizar uma an\u00e1lise estat\u00edstica da navega\u00e7\u00e3o do usu\u00e1rio ou exibir conte\u00fado publicit\u00e1rio personalizado. Por exemplo, cookies do <a href=\"https:\/\/policies.google.com\/privacy?hl=es\"><span class=\"s1\">Google<\/span><\/a>. Lembre-se de que, se voc\u00ea aceitar cookies de terceiros, dever\u00e1 exclu\u00ed-los das op\u00e7\u00f5es do navegador ou do sistema oferecido pelo pr\u00f3prio terceiro.<\/p>\n<p class=\"p1\"><b><i>Configura\u00e7\u00f5es de consentimento e cookies<\/i><\/b><\/p>\n<p class=\"p3\">Quando voc\u00ea visita nosso site pela primeira vez, mostraremos uma janela pop-up com uma explica\u00e7\u00e3o sobre cookies (\u201cprimeira camada\u201d). Assim que voc\u00ea clicar no bot\u00e3o aceitar, voc\u00ea concorda com nosso uso das categorias de cookies e plugins que voc\u00ea selecionou na janela pop-up, conforme descrito nesta pol\u00edtica de cookies. Voc\u00ea pode desativar o uso de cookies atrav\u00e9s do seu navegador, mas lembre-se de que nosso site pode parar de funcionar corretamente se voc\u00ea fizer isso.<\/p>\n<p class=\"p1\"><b><i>Seus direitos em rela\u00e7\u00e3o a dados pessoais<\/i><\/b><\/p>\n<p class=\"p9\">Visite nossa pol\u00edtica de privacidade para saber mais sobre seus direitos em rela\u00e7\u00e3o ao processamento de dados pessoais e como exerc\u00ea-los.<\/p>\n<p class=\"p1\"><b><i>Ativa\u00e7\u00e3o, desativa\u00e7\u00e3o e elimina\u00e7\u00e3o de cookies<\/i><\/b><\/p>\n<p class=\"p2\">Voc\u00ea pode usar seu navegador de Internet para excluir cookies autom\u00e1tica ou manualmente. Voc\u00ea tamb\u00e9m pode especificar que certos cookies n\u00e3o podem ser colocados. Outra op\u00e7\u00e3o \u00e9 alterar as configura\u00e7\u00f5es do seu navegador de Internet para que voc\u00ea receba uma mensagem sempre que um cookie for colocado. Para obter mais informa\u00e7\u00f5es sobre essas op\u00e7\u00f5es, consulte as instru\u00e7\u00f5es na se\u00e7\u00e3o &#8220;Ajuda&#8221; do seu navegador.<\/p>\n<p class=\"p2\">Observe que nosso site pode n\u00e3o funcionar corretamente se todos os cookies estiverem desativados. Se voc\u00ea excluir os cookies do seu navegador, eles ser\u00e3o colocados novamente ap\u00f3s o seu consentimento quando voc\u00ea visitar nossos sites novamente.<\/p>\n[\/vc_column_text][\/vc_column][\/vc_row]\n","protected":false},"excerpt":{"rendered":"<p>[vc_row type=&#8221;in_container&#8221; full_screen_row_position=&#8221;middle&#8221; column_margin=&#8221;default&#8221; column_direction=&#8221;default&#8221; column_direction_tablet=&#8221;default&#8221; column_direction_phone=&#8221;default&#8221; scene_position=&#8221;center&#8221; top_padding=&#8221;2%&#8221; bottom_padding=&#8221;4%&#8221; text_color=&#8221;dark&#8221; text_align=&#8221;left&#8221; row_border_radius=&#8221;none&#8221; row_border_radius_applies=&#8221;bg&#8221; overflow=&#8221;visible&#8221; overlay_strength=&#8221;0.3&#8243; gradient_direction=&#8221;left_to_right&#8221; shape_divider_position=&#8221;bottom&#8221; bg_image_animation=&#8221;none&#8221; shape_type=&#8221;&#8221;][vc_column column_padding=&#8221;no-extra-padding&#8221; column_padding_tablet=&#8221;inherit&#8221; column_padding_phone=&#8221;inherit&#8221; column_padding_position=&#8221;all&#8221; column_element_spacing=&#8221;default&#8221; background_color_opacity=&#8221;1&#8243; background_hover_color_opacity=&#8221;1&#8243; column_shadow=&#8221;none&#8221; column_border_radius=&#8221;none&#8221; column_link_target=&#8221;_self&#8221;&#8230;<\/p>\n","protected":false},"author":1,"featured_media":0,"parent":0,"menu_order":0,"comment_status":"closed","ping_status":"closed","template":"","meta":{"_exactmetrics_skip_tracking":false,"_exactmetrics_sitenote_active":false,"_exactmetrics_sitenote_note":"","_exactmetrics_sitenote_category":0,"footnotes":""},"class_list":["post-1502","page","type-page","status-publish"],"yoast_head":"<!-- This site is optimized with the Yoast SEO plugin v26.9 - https:\/\/yoast.com\/product\/yoast-seo-wordpress\/ -->\n<title>Pol\u00edtica de cookies &#187; Autelec<\/title>\n<meta name=\"robots\" content=\"index, follow, max-snippet:-1, max-image-preview:large, max-video-preview:-1\" \/>\n<link rel=\"canonical\" href=\"https:\/\/autelec.es\/pt-pt\/politica-de-cookies\/\" \/>\n<meta property=\"og:locale\" content=\"pt_PT\" \/>\n<meta property=\"og:type\" content=\"article\" \/>\n<meta property=\"og:title\" content=\"Pol\u00edtica de cookies &#187; Autelec\" \/>\n<meta property=\"og:description\" content=\"[vc_row type=&#8221;in_container&#8221; full_screen_row_position=&#8221;middle&#8221; column_margin=&#8221;default&#8221; column_direction=&#8221;default&#8221; column_direction_tablet=&#8221;default&#8221; column_direction_phone=&#8221;default&#8221; scene_position=&#8221;center&#8221; top_padding=&#8221;2%&#8221; bottom_padding=&#8221;4%&#8221; text_color=&#8221;dark&#8221; text_align=&#8221;left&#8221; row_border_radius=&#8221;none&#8221; row_border_radius_applies=&#8221;bg&#8221; overflow=&#8221;visible&#8221; overlay_strength=&#8221;0.3&#8243; gradient_direction=&#8221;left_to_right&#8221; shape_divider_position=&#8221;bottom&#8221; bg_image_animation=&#8221;none&#8221; shape_type=&#8221;&#8221;][vc_column column_padding=&#8221;no-extra-padding&#8221; column_padding_tablet=&#8221;inherit&#8221; column_padding_phone=&#8221;inherit&#8221; column_padding_position=&#8221;all&#8221; column_element_spacing=&#8221;default&#8221; background_color_opacity=&#8221;1&#8243; background_hover_color_opacity=&#8221;1&#8243; column_shadow=&#8221;none&#8221; column_border_radius=&#8221;none&#8221; column_link_target=&#8221;_self&#8221;...\" \/>\n<meta property=\"og:url\" content=\"https:\/\/autelec.es\/pt-pt\/politica-de-cookies\/\" \/>\n<meta property=\"og:site_name\" content=\"Autelec\" \/>\n<meta property=\"article:publisher\" content=\"https:\/\/www.facebook.com\/autelec.tecnologia.sl\/\" \/>\n<meta property=\"article:modified_time\" content=\"2022-02-08T09:47:42+00:00\" \/>\n<meta name=\"twitter:card\" content=\"summary_large_image\" \/>\n<meta name=\"twitter:site\" content=\"@autelec\" \/>\n<meta name=\"twitter:label1\" content=\"Tempo estimado de leitura\" \/>\n\t<meta name=\"twitter:data1\" content=\"5 minutos\" \/>\n<script type=\"application\/ld+json\" class=\"yoast-schema-graph\">{\"@context\":\"https:\/\/schema.org\",\"@graph\":[{\"@type\":\"WebPage\",\"@id\":\"https:\/\/autelec.es\/pt-pt\/politica-de-cookies\/\",\"url\":\"https:\/\/autelec.es\/pt-pt\/politica-de-cookies\/\",\"name\":\"Pol\u00edtica de cookies &#187; Autelec\",\"isPartOf\":{\"@id\":\"https:\/\/autelec.es\/#website\"},\"datePublished\":\"2022-02-08T09:17:30+00:00\",\"dateModified\":\"2022-02-08T09:47:42+00:00\",\"breadcrumb\":{\"@id\":\"https:\/\/autelec.es\/pt-pt\/politica-de-cookies\/#breadcrumb\"},\"inLanguage\":\"pt-PT\",\"potentialAction\":[{\"@type\":\"ReadAction\",\"target\":[\"https:\/\/autelec.es\/pt-pt\/politica-de-cookies\/\"]}]},{\"@type\":\"BreadcrumbList\",\"@id\":\"https:\/\/autelec.es\/pt-pt\/politica-de-cookies\/#breadcrumb\",\"itemListElement\":[{\"@type\":\"ListItem\",\"position\":1,\"name\":\"Portada\",\"item\":\"https:\/\/autelec.es\/\"},{\"@type\":\"ListItem\",\"position\":2,\"name\":\"Pol\u00edtica de cookies\"}]},{\"@type\":\"WebSite\",\"@id\":\"https:\/\/autelec.es\/#website\",\"url\":\"https:\/\/autelec.es\/\",\"name\":\"Autelec\",\"description\":\"Otro sitio realizado con WordPress\",\"potentialAction\":[{\"@type\":\"SearchAction\",\"target\":{\"@type\":\"EntryPoint\",\"urlTemplate\":\"https:\/\/autelec.es\/?s={search_term_string}\"},\"query-input\":{\"@type\":\"PropertyValueSpecification\",\"valueRequired\":true,\"valueName\":\"search_term_string\"}}],\"inLanguage\":\"pt-PT\"}]}<\/script>\n<!-- \/ Yoast SEO plugin. -->","yoast_head_json":{"title":"Pol\u00edtica de cookies &#187; Autelec","robots":{"index":"index","follow":"follow","max-snippet":"max-snippet:-1","max-image-preview":"max-image-preview:large","max-video-preview":"max-video-preview:-1"},"canonical":"https:\/\/autelec.es\/pt-pt\/politica-de-cookies\/","og_locale":"pt_PT","og_type":"article","og_title":"Pol\u00edtica de cookies &#187; Autelec","og_description":"[vc_row type=&#8221;in_container&#8221; full_screen_row_position=&#8221;middle&#8221; column_margin=&#8221;default&#8221; column_direction=&#8221;default&#8221; column_direction_tablet=&#8221;default&#8221; column_direction_phone=&#8221;default&#8221; scene_position=&#8221;center&#8221; top_padding=&#8221;2%&#8221; bottom_padding=&#8221;4%&#8221; text_color=&#8221;dark&#8221; text_align=&#8221;left&#8221; row_border_radius=&#8221;none&#8221; row_border_radius_applies=&#8221;bg&#8221; overflow=&#8221;visible&#8221; overlay_strength=&#8221;0.3&#8243; gradient_direction=&#8221;left_to_right&#8221; shape_divider_position=&#8221;bottom&#8221; bg_image_animation=&#8221;none&#8221; shape_type=&#8221;&#8221;][vc_column column_padding=&#8221;no-extra-padding&#8221; column_padding_tablet=&#8221;inherit&#8221; column_padding_phone=&#8221;inherit&#8221; column_padding_position=&#8221;all&#8221; column_element_spacing=&#8221;default&#8221; background_color_opacity=&#8221;1&#8243; background_hover_color_opacity=&#8221;1&#8243; column_shadow=&#8221;none&#8221; column_border_radius=&#8221;none&#8221; column_link_target=&#8221;_self&#8221;...","og_url":"https:\/\/autelec.es\/pt-pt\/politica-de-cookies\/","og_site_name":"Autelec","article_publisher":"https:\/\/www.facebook.com\/autelec.tecnologia.sl\/","article_modified_time":"2022-02-08T09:47:42+00:00","twitter_card":"summary_large_image","twitter_site":"@autelec","twitter_misc":{"Tempo estimado de leitura":"5 minutos"},"schema":{"@context":"https:\/\/schema.org","@graph":[{"@type":"WebPage","@id":"https:\/\/autelec.es\/pt-pt\/politica-de-cookies\/","url":"https:\/\/autelec.es\/pt-pt\/politica-de-cookies\/","name":"Pol\u00edtica de cookies &#187; Autelec","isPartOf":{"@id":"https:\/\/autelec.es\/#website"},"datePublished":"2022-02-08T09:17:30+00:00","dateModified":"2022-02-08T09:47:42+00:00","breadcrumb":{"@id":"https:\/\/autelec.es\/pt-pt\/politica-de-cookies\/#breadcrumb"},"inLanguage":"pt-PT","potentialAction":[{"@type":"ReadAction","target":["https:\/\/autelec.es\/pt-pt\/politica-de-cookies\/"]}]},{"@type":"BreadcrumbList","@id":"https:\/\/autelec.es\/pt-pt\/politica-de-cookies\/#breadcrumb","itemListElement":[{"@type":"ListItem","position":1,"name":"Portada","item":"https:\/\/autelec.es\/"},{"@type":"ListItem","position":2,"name":"Pol\u00edtica de cookies"}]},{"@type":"WebSite","@id":"https:\/\/autelec.es\/#website","url":"https:\/\/autelec.es\/","name":"Autelec","description":"Otro sitio realizado con WordPress","potentialAction":[{"@type":"SearchAction","target":{"@type":"EntryPoint","urlTemplate":"https:\/\/autelec.es\/?s={search_term_string}"},"query-input":{"@type":"PropertyValueSpecification","valueRequired":true,"valueName":"search_term_string"}}],"inLanguage":"pt-PT"}]}},"_links":{"self":[{"href":"https:\/\/autelec.es\/pt-pt\/wp-json\/wp\/v2\/pages\/1502","targetHints":{"allow":["GET"]}}],"collection":[{"href":"https:\/\/autelec.es\/pt-pt\/wp-json\/wp\/v2\/pages"}],"about":[{"href":"https:\/\/autelec.es\/pt-pt\/wp-json\/wp\/v2\/types\/page"}],"author":[{"embeddable":true,"href":"https:\/\/autelec.es\/pt-pt\/wp-json\/wp\/v2\/users\/1"}],"replies":[{"embeddable":true,"href":"https:\/\/autelec.es\/pt-pt\/wp-json\/wp\/v2\/comments?post=1502"}],"version-history":[{"count":2,"href":"https:\/\/autelec.es\/pt-pt\/wp-json\/wp\/v2\/pages\/1502\/revisions"}],"predecessor-version":[{"id":1504,"href":"https:\/\/autelec.es\/pt-pt\/wp-json\/wp\/v2\/pages\/1502\/revisions\/1504"}],"wp:attachment":[{"href":"https:\/\/autelec.es\/pt-pt\/wp-json\/wp\/v2\/media?parent=1502"}],"curies":[{"name":"wp","href":"https:\/\/api.w.org\/{rel}","templated":true}]}}